{"id":1128,"date":"2026-02-21T17:32:30","date_gmt":"2026-02-21T21:32:30","guid":{"rendered":"https:\/\/www.rutadelascasastipicasrd.com\/?page_id=1128"},"modified":"2026-02-22T10:21:27","modified_gmt":"2026-02-22T14:21:27","slug":"audio-guia","status":"publish","type":"page","link":"https:\/\/www.rutadelascasastipicasrd.com\/index.php\/es\/audio-guia\/","title":{"rendered":"Audio-gu\u00eda"},"content":{"rendered":"\n<h2 class=\"wp-block-heading has-large-font-size\">Descubra la audio-gu\u00eda de la Ruta de las Casas T\u00edpicas en una App para m\u00f3vil!<\/h2>\n\n\n\n<p>Una <strong>audio-gu\u00eda que puede descargar en su m\u00f3vil y utilizar sin conexi\u00f3n a Internet<\/strong> (<em>se proporcionan instrucciones sencillas al realizar la compra en l\u00ednea<\/em>).<\/p>\n\n\n\n<p>La audio-gu\u00eda consta de <strong>17 c\u00e1psulas de audio de 2 a 4 minutos cada una<\/strong>, para descubrir la Ruta de las Casas T\u00edpicas de Las Galeras en una <strong>jornada inmersiva que podr\u00e1 realizar con su propio veh\u00edculo<\/strong>.<\/p>\n\n\n\n<p>Es una experiencia ideal para disfrutar <strong>en familia, en pareja, solo o con amigos.<\/strong><\/p>\n\n\n\n<div class=\"wp-block-buttons is-content-justification-center is-layout-flex wp-container-core-buttons-is-layout-16018d1d wp-block-buttons-is-layout-flex\">\n<div class=\"wp-block-button has-custom-width wp-block-button__width-75 is-style-fill\"><a class=\"wp-block-button__link has-background has-text-align-center has-custom-font-size wp-element-button\" href=\"https:\/\/buy.stripe.com\/14AfZg417a4i3u7aOi9oc05\" style=\"background-color:#3d56b1;font-size:20px\" target=\"_blank\" rel=\"noreferrer noopener nofollow\">Comprar la audio-gu\u00eda<\/a><\/div>\n<\/div>\n\n\n\n<div style=\"height:16px\" aria-hidden=\"true\" class=\"wp-block-spacer\"><\/div>\n\n\n<div class=\"wp-block-image\">\n<figure class=\"aligncenter size-full is-resized\"><a href=\"https:\/\/buy.stripe.com\/14AfZg417a4i3u7aOi9oc05\" target=\"_blank\" rel=\" noreferrer noopener\"><img loading=\"lazy\" decoding=\"async\" width=\"720\" height=\"1600\" src=\"https:\/\/www.rutadelascasastipicasrd.com\/wp-content\/uploads\/2026\/02\/App-Mobile-ESP.jpeg\" alt=\"\" class=\"wp-image-1187\" style=\"width:250px\" srcset=\"https:\/\/www.rutadelascasastipicasrd.com\/wp-content\/uploads\/2026\/02\/App-Mobile-ESP.jpeg 720w, https:\/\/www.rutadelascasastipicasrd.com\/wp-content\/uploads\/2026\/02\/App-Mobile-ESP-135x300.jpeg 135w, https:\/\/www.rutadelascasastipicasrd.com\/wp-content\/uploads\/2026\/02\/App-Mobile-ESP-461x1024.jpeg 461w, https:\/\/www.rutadelascasastipicasrd.com\/wp-content\/uploads\/2026\/02\/App-Mobile-ESP-691x1536.jpeg 691w\" sizes=\"auto, (max-width: 720px) 100vw, 720px\" \/><\/a><\/figure>\n<\/div>\n\n\n<h2 class=\"wp-block-heading\" style=\"font-size:25px\"><strong>Contenido de la audio-gu\u00eda<\/strong>:<\/h2>\n\n\n\n<p>17 segmentos de audio en espa\u00f1ol, organizados a lo largo de su recorrido.<\/p>\n\n\n\n<p>Casi una hora y media de audio, dividida en <strong>c\u00e1psulas tem\u00e1ticas<\/strong>, para <strong>aprender a observar las casas t\u00edpicas del pa\u00eds y apreciar su valor patrimonial<\/strong>.<\/p>\n\n\n\n<ul class=\"wp-block-list\">\n<li>C\u00f3mo se construye una casa t\u00edpica<\/li>\n\n\n\n<li>Los tipos de casas \u00abnucleares\u00bb y \u00ablineales\u00bb<\/li>\n\n\n\n<li>La vida familiar dominicana<\/li>\n\n\n\n<li>El papel social de la calle<\/li>\n\n\n\n<li>Fog\u00f3n, greca, galer\u00eda<\/li>\n\n\n\n<li>Di\u00e1spora y modernidad<\/li>\n\n\n\n<li>Memoria e identidad\u2026<\/li>\n<\/ul>\n\n\n\n<p>Tambi\u00e9n tendr\u00e1 <strong>acceso al mapa de la ruta a seguir en Google Maps<\/strong>, que podr\u00e1 consultar <strong>sin conexi\u00f3n, incluso si no dispone de Internet<\/strong>.<\/p>\n\n\n<p><script async\n  src=\"https:\/\/js.stripe.com\/v3\/buy-button.js\"><br \/>\n<\/script><\/p>\n<div style=\"display:flex; justify-content:center; align-items:center; margin:40px 0;\">\n  <stripe-buy-button\n    buy-button-id=\"buy_btn_1T3OXBBUQoCB8qQZoLa2oJCN\"\n    publishable-key=\"pk_live_51P3TBbBUQoCB8qQZYsuQjKeNKR2vqNdP2rrb1TD3VjlBTlZS1VCTMEBtwMKhViHeeIgtgctv75srjNUgzKefPexX00U073uIGt\"\n  ><br \/>\n  <\/stripe-buy-button>\n<\/div>\n\n\n<p class=\"has-text-align-center\"><em>Pago seguro \u2022 5 idiomas <em>\u2022<\/em> Acceso inmediato y v\u00e1lido durante 7 d\u00edas<\/em><\/p>\n\n\n\n<h2 class=\"wp-block-heading\" style=\"font-size:30px\">Un d\u00eda cultural y buc\u00f3lico en Las Galeras<\/h2>\n\n\n\n<p>La peque\u00f1a carretera que serpentea entre las aldeas le ofrece unas vistas espectaculares. Casas de colores vivos, construidas con madera de palmera real, gente que le saluda, un campesino que camina con su machete colgado del cintur\u00f3n y una bolsa de cocos a lomos de su burro\u2026<br>El campo dominicano, entre las peque\u00f1as monta\u00f1as y la magn\u00edfica bah\u00eda de Rinc\u00f3n, le har\u00e1 sentir la realidad del pa\u00eds, la belleza de sus paisajes, la amabilidad de sus habitantes y, sobre todo, le dar\u00e1 la sensaci\u00f3n de estar haciendo un viaje \u00fatil, fuera de los caminos trillados y de las regiones tur\u00edsticas.<br>Usted escucha.<br>Usted se detiene cuando lo desea.<br>Descubra,<br>Aprenda,<br>Disfrute del itinerario.<\/p>\n\n\n\n<p>A mitad de camino, disfrute de una pausa en Playa Rinc\u00f3n, una de las playas m\u00e1s bonitas del mundo: 5 kil\u00f3metros de arena blanca, cocoteros, aguas turquesas y el Ca\u00f1o Fr\u00edo para refrescarse.<\/p>\n\n\n\n<h2 class=\"wp-block-heading\" style=\"font-size:30px\">Un proyecto cultural con un impacto real<\/h2>\n\n\n\n<p>Su compra contribuye directamente a la conservaci\u00f3n de m\u00e1s de 50 casas participantes, a la organizaci\u00f3n del concurso anual de casas t\u00edpicas (pintura, madera, zinc) y al desarrollo del proyecto.<\/p>\n\n\n<div class=\"wp-block-image\">\n<figure class=\"aligncenter size-full is-resized\"><img loading=\"lazy\" decoding=\"async\" width=\"1536\" height=\"1024\" src=\"https:\/\/www.rutadelascasastipicasrd.com\/wp-content\/uploads\/2026\/02\/carte-illustration-ruta-de-las-casas-tipicas-galeras.png\" alt=\"Ruta de las casas tipicas, Las Galeras, Saman\u00e1\" class=\"wp-image-1164\" style=\"width:600px\" srcset=\"https:\/\/www.rutadelascasastipicasrd.com\/wp-content\/uploads\/2026\/02\/carte-illustration-ruta-de-las-casas-tipicas-galeras.png 1536w, https:\/\/www.rutadelascasastipicasrd.com\/wp-content\/uploads\/2026\/02\/carte-illustration-ruta-de-las-casas-tipicas-galeras-300x200.png 300w, https:\/\/www.rutadelascasastipicasrd.com\/wp-content\/uploads\/2026\/02\/carte-illustration-ruta-de-las-casas-tipicas-galeras-1024x683.png 1024w, https:\/\/www.rutadelascasastipicasrd.com\/wp-content\/uploads\/2026\/02\/carte-illustration-ruta-de-las-casas-tipicas-galeras-768x512.png 768w\" sizes=\"auto, (max-width: 767px) 89vw, (max-width: 1000px) 54vw, (max-width: 1071px) 543px, 580px\" \/><\/figure>\n<\/div>\n\n\n<blockquote class=\"wp-block-quote has-medium-font-size is-layout-flow wp-block-quote-is-layout-flow\">\n<p style=\"font-size:25px\"><strong>Convierta un hermoso paseo en veh\u00edculo en una experiencia cultural \u00fanica para descubrir descubrir o volver a descubrir su patrimonio.<\/strong><\/p>\n<\/blockquote>\n\n\n<p><script async\n  src=\"https:\/\/js.stripe.com\/v3\/buy-button.js\"><br \/>\n<\/script><\/p>\n<div style=\"display: flex; justify-content: center; align-items: center; margin: 40px 0;\">\u00a0<\/div>\n\n\n<blockquote class=\"wp-block-quote is-layout-flow wp-block-quote-is-layout-flow\">\n<p class=\"has-text-align-center\">Recorrieron la Ruta de las Casas T\u00edpicas, y les encant\u00f3!<\/p>\n<\/blockquote>\n\n\n<div class=\"wp-block-image\">\n<figure class=\"aligncenter size-full is-resized\"><a href=\"https:\/\/www.tripadvisor.fr\/Attraction_Review-g793703-d26910804-Reviews-Ruta_De_Las_Casas_Tipicas-Las_Galeras_Samana_Province_Dominican_Republic.html\" target=\"_blank\" rel=\" noreferrer noopener\"><img loading=\"lazy\" decoding=\"async\" width=\"972\" height=\"708\" src=\"https:\/\/www.rutadelascasastipicasrd.com\/wp-content\/uploads\/2026\/02\/Tripadvisor.jpg\" alt=\"Ruta de las casas tipicas, las galeras samana, tripadvisir\" class=\"wp-image-1172\" style=\"width:800px\" srcset=\"https:\/\/www.rutadelascasastipicasrd.com\/wp-content\/uploads\/2026\/02\/Tripadvisor.jpg 972w, https:\/\/www.rutadelascasastipicasrd.com\/wp-content\/uploads\/2026\/02\/Tripadvisor-300x219.jpg 300w, https:\/\/www.rutadelascasastipicasrd.com\/wp-content\/uploads\/2026\/02\/Tripadvisor-768x559.jpg 768w\" sizes=\"auto, (max-width: 767px) 89vw, (max-width: 1000px) 54vw, (max-width: 1071px) 543px, 580px\" \/><\/a><\/figure>\n<\/div>\n\n\n<p><\/p>\n","protected":false},"excerpt":{"rendered":"<p>Descubra la audio-gu\u00eda de la Ruta de las Casas T\u00edpicas en una App para m\u00f3vil! Una audio-gu\u00eda que puede descargar en su m\u00f3vil y utilizar sin conexi\u00f3n a Internet (se proporcionan instrucciones sencillas al realizar la compra en l\u00ednea). La audio-gu\u00eda consta de 17 c\u00e1psulas de audio de 2 a 4 minutos cada una, para &hellip; <\/p>\n<p class=\"link-more\"><a href=\"https:\/\/www.rutadelascasastipicasrd.com\/index.php\/es\/audio-guia\/\" class=\"more-link\">Continuer la lecture<span class=\"screen-reader-text\"> de &laquo;&nbsp;Audio-gu\u00eda&nbsp;&raquo;<\/span><\/a><\/p>\n","protected":false},"author":1,"featured_media":0,"parent":0,"menu_order":0,"comment_status":"closed","ping_status":"closed","template":"","meta":{"footnotes":""},"class_list":["post-1128","page","type-page","status-publish","hentry"],"yoast_head":"<!-- This site is optimized with the Yoast SEO plugin v27.3 - https:\/\/yoast.com\/product\/yoast-seo-wordpress\/ -->\n<title>Audio-gu\u00eda - La Ruta de las Casas T\u00edpicas<\/title>\n<meta name=\"robots\" content=\"index, follow, max-snippet:-1, max-image-preview:large, max-video-preview:-1\" \/>\n<link rel=\"canonical\" href=\"https:\/\/www.rutadelascasastipicasrd.com\/index.php\/es\/audio-guia\/\" \/>\n<meta property=\"og:locale\" content=\"fr_FR\" \/>\n<meta property=\"og:type\" content=\"article\" \/>\n<meta property=\"og:title\" content=\"Audio-gu\u00eda - La Ruta de las Casas T\u00edpicas\" \/>\n<meta property=\"og:description\" content=\"Descubra la audio-gu\u00eda de la Ruta de las Casas T\u00edpicas en una App para m\u00f3vil! Una audio-gu\u00eda que puede descargar en su m\u00f3vil y utilizar sin conexi\u00f3n a Internet (se proporcionan instrucciones sencillas al realizar la compra en l\u00ednea). La audio-gu\u00eda consta de 17 c\u00e1psulas de audio de 2 a 4 minutos cada una, para &hellip; Continuer la lecture de &laquo;&nbsp;Audio-gu\u00eda&nbsp;&raquo;\" \/>\n<meta property=\"og:url\" content=\"https:\/\/www.rutadelascasastipicasrd.com\/index.php\/es\/audio-guia\/\" \/>\n<meta property=\"og:site_name\" content=\"La Ruta de las Casas T\u00edpicas\" \/>\n<meta property=\"article:modified_time\" content=\"2026-02-22T14:21:27+00:00\" \/>\n<meta property=\"og:image\" content=\"https:\/\/www.rutadelascasastipicasrd.com\/wp-content\/uploads\/2026\/02\/App-Mobile-ESP.jpeg\" \/>\n\t<meta property=\"og:image:width\" content=\"720\" \/>\n\t<meta property=\"og:image:height\" content=\"1600\" \/>\n\t<meta property=\"og:image:type\" content=\"image\/jpeg\" \/>\n<meta name=\"twitter:card\" content=\"summary_large_image\" \/>\n<meta name=\"twitter:label1\" content=\"Dur\u00e9e de lecture estim\u00e9e\" \/>\n\t<meta name=\"twitter:data1\" content=\"3 minutes\" \/>\n<script type=\"application\/ld+json\" class=\"yoast-schema-graph\">{\"@context\":\"https:\\\/\\\/schema.org\",\"@graph\":[{\"@type\":\"WebPage\",\"@id\":\"https:\\\/\\\/www.rutadelascasastipicasrd.com\\\/index.php\\\/es\\\/audio-guia\\\/\",\"url\":\"https:\\\/\\\/www.rutadelascasastipicasrd.com\\\/index.php\\\/es\\\/audio-guia\\\/\",\"name\":\"Audio-gu\u00eda - La Ruta de las Casas T\u00edpicas\",\"isPartOf\":{\"@id\":\"https:\\\/\\\/www.rutadelascasastipicasrd.com\\\/#website\"},\"primaryImageOfPage\":{\"@id\":\"https:\\\/\\\/www.rutadelascasastipicasrd.com\\\/index.php\\\/es\\\/audio-guia\\\/#primaryimage\"},\"image\":{\"@id\":\"https:\\\/\\\/www.rutadelascasastipicasrd.com\\\/index.php\\\/es\\\/audio-guia\\\/#primaryimage\"},\"thumbnailUrl\":\"https:\\\/\\\/www.rutadelascasastipicasrd.com\\\/wp-content\\\/uploads\\\/2026\\\/02\\\/App-Mobile-ESP.jpeg\",\"datePublished\":\"2026-02-21T21:32:30+00:00\",\"dateModified\":\"2026-02-22T14:21:27+00:00\",\"breadcrumb\":{\"@id\":\"https:\\\/\\\/www.rutadelascasastipicasrd.com\\\/index.php\\\/es\\\/audio-guia\\\/#breadcrumb\"},\"inLanguage\":\"fr-FR\",\"potentialAction\":[{\"@type\":\"ReadAction\",\"target\":[\"https:\\\/\\\/www.rutadelascasastipicasrd.com\\\/index.php\\\/es\\\/audio-guia\\\/\"]}]},{\"@type\":\"ImageObject\",\"inLanguage\":\"fr-FR\",\"@id\":\"https:\\\/\\\/www.rutadelascasastipicasrd.com\\\/index.php\\\/es\\\/audio-guia\\\/#primaryimage\",\"url\":\"https:\\\/\\\/www.rutadelascasastipicasrd.com\\\/wp-content\\\/uploads\\\/2026\\\/02\\\/App-Mobile-ESP.jpeg\",\"contentUrl\":\"https:\\\/\\\/www.rutadelascasastipicasrd.com\\\/wp-content\\\/uploads\\\/2026\\\/02\\\/App-Mobile-ESP.jpeg\",\"width\":720,\"height\":1600},{\"@type\":\"BreadcrumbList\",\"@id\":\"https:\\\/\\\/www.rutadelascasastipicasrd.com\\\/index.php\\\/es\\\/audio-guia\\\/#breadcrumb\",\"itemListElement\":[{\"@type\":\"ListItem\",\"position\":1,\"name\":\"Home\",\"item\":\"https:\\\/\\\/www.rutadelascasastipicasrd.com\\\/index.php\\\/es\\\/inicio\\\/\"},{\"@type\":\"ListItem\",\"position\":2,\"name\":\"Audio-gu\u00eda\"}]},{\"@type\":\"WebSite\",\"@id\":\"https:\\\/\\\/www.rutadelascasastipicasrd.com\\\/#website\",\"url\":\"https:\\\/\\\/www.rutadelascasastipicasrd.com\\\/\",\"name\":\"La Ruta de las Casas T\u00edpicas\",\"description\":\"Rep\u00fablica Dominicana\",\"publisher\":{\"@id\":\"https:\\\/\\\/www.rutadelascasastipicasrd.com\\\/#organization\"},\"potentialAction\":[{\"@type\":\"SearchAction\",\"target\":{\"@type\":\"EntryPoint\",\"urlTemplate\":\"https:\\\/\\\/www.rutadelascasastipicasrd.com\\\/?s={search_term_string}\"},\"query-input\":{\"@type\":\"PropertyValueSpecification\",\"valueRequired\":true,\"valueName\":\"search_term_string\"}}],\"inLanguage\":\"fr-FR\"},{\"@type\":\"Organization\",\"@id\":\"https:\\\/\\\/www.rutadelascasastipicasrd.com\\\/#organization\",\"name\":\"La Ruta de las Casas T\u00edpicas\",\"url\":\"https:\\\/\\\/www.rutadelascasastipicasrd.com\\\/\",\"logo\":{\"@type\":\"ImageObject\",\"inLanguage\":\"fr-FR\",\"@id\":\"https:\\\/\\\/www.rutadelascasastipicasrd.com\\\/#\\\/schema\\\/logo\\\/image\\\/\",\"url\":\"https:\\\/\\\/www.rutadelascasastipicasrd.com\\\/wp-content\\\/uploads\\\/2024\\\/02\\\/cropped-2024-Ruta-de-las-casas-tipicas-fondo-transparente.png\",\"contentUrl\":\"https:\\\/\\\/www.rutadelascasastipicasrd.com\\\/wp-content\\\/uploads\\\/2024\\\/02\\\/cropped-2024-Ruta-de-las-casas-tipicas-fondo-transparente.png\",\"width\":1563,\"height\":1563,\"caption\":\"La Ruta de las Casas T\u00edpicas\"},\"image\":{\"@id\":\"https:\\\/\\\/www.rutadelascasastipicasrd.com\\\/#\\\/schema\\\/logo\\\/image\\\/\"}}]}<\/script>\n<!-- \/ Yoast SEO plugin. -->","yoast_head_json":{"title":"Audio-gu\u00eda - La Ruta de las Casas T\u00edpicas","robots":{"index":"index","follow":"follow","max-snippet":"max-snippet:-1","max-image-preview":"max-image-preview:large","max-video-preview":"max-video-preview:-1"},"canonical":"https:\/\/www.rutadelascasastipicasrd.com\/index.php\/es\/audio-guia\/","og_locale":"fr_FR","og_type":"article","og_title":"Audio-gu\u00eda - La Ruta de las Casas T\u00edpicas","og_description":"Descubra la audio-gu\u00eda de la Ruta de las Casas T\u00edpicas en una App para m\u00f3vil! Una audio-gu\u00eda que puede descargar en su m\u00f3vil y utilizar sin conexi\u00f3n a Internet (se proporcionan instrucciones sencillas al realizar la compra en l\u00ednea). La audio-gu\u00eda consta de 17 c\u00e1psulas de audio de 2 a 4 minutos cada una, para &hellip; Continuer la lecture de &laquo;&nbsp;Audio-gu\u00eda&nbsp;&raquo;","og_url":"https:\/\/www.rutadelascasastipicasrd.com\/index.php\/es\/audio-guia\/","og_site_name":"La Ruta de las Casas T\u00edpicas","article_modified_time":"2026-02-22T14:21:27+00:00","og_image":[{"width":720,"height":1600,"url":"https:\/\/www.rutadelascasastipicasrd.com\/wp-content\/uploads\/2026\/02\/App-Mobile-ESP.jpeg","type":"image\/jpeg"}],"twitter_card":"summary_large_image","twitter_misc":{"Dur\u00e9e de lecture estim\u00e9e":"3 minutes"},"schema":{"@context":"https:\/\/schema.org","@graph":[{"@type":"WebPage","@id":"https:\/\/www.rutadelascasastipicasrd.com\/index.php\/es\/audio-guia\/","url":"https:\/\/www.rutadelascasastipicasrd.com\/index.php\/es\/audio-guia\/","name":"Audio-gu\u00eda - La Ruta de las Casas T\u00edpicas","isPartOf":{"@id":"https:\/\/www.rutadelascasastipicasrd.com\/#website"},"primaryImageOfPage":{"@id":"https:\/\/www.rutadelascasastipicasrd.com\/index.php\/es\/audio-guia\/#primaryimage"},"image":{"@id":"https:\/\/www.rutadelascasastipicasrd.com\/index.php\/es\/audio-guia\/#primaryimage"},"thumbnailUrl":"https:\/\/www.rutadelascasastipicasrd.com\/wp-content\/uploads\/2026\/02\/App-Mobile-ESP.jpeg","datePublished":"2026-02-21T21:32:30+00:00","dateModified":"2026-02-22T14:21:27+00:00","breadcrumb":{"@id":"https:\/\/www.rutadelascasastipicasrd.com\/index.php\/es\/audio-guia\/#breadcrumb"},"inLanguage":"fr-FR","potentialAction":[{"@type":"ReadAction","target":["https:\/\/www.rutadelascasastipicasrd.com\/index.php\/es\/audio-guia\/"]}]},{"@type":"ImageObject","inLanguage":"fr-FR","@id":"https:\/\/www.rutadelascasastipicasrd.com\/index.php\/es\/audio-guia\/#primaryimage","url":"https:\/\/www.rutadelascasastipicasrd.com\/wp-content\/uploads\/2026\/02\/App-Mobile-ESP.jpeg","contentUrl":"https:\/\/www.rutadelascasastipicasrd.com\/wp-content\/uploads\/2026\/02\/App-Mobile-ESP.jpeg","width":720,"height":1600},{"@type":"BreadcrumbList","@id":"https:\/\/www.rutadelascasastipicasrd.com\/index.php\/es\/audio-guia\/#breadcrumb","itemListElement":[{"@type":"ListItem","position":1,"name":"Home","item":"https:\/\/www.rutadelascasastipicasrd.com\/index.php\/es\/inicio\/"},{"@type":"ListItem","position":2,"name":"Audio-gu\u00eda"}]},{"@type":"WebSite","@id":"https:\/\/www.rutadelascasastipicasrd.com\/#website","url":"https:\/\/www.rutadelascasastipicasrd.com\/","name":"La Ruta de las Casas T\u00edpicas","description":"Rep\u00fablica Dominicana","publisher":{"@id":"https:\/\/www.rutadelascasastipicasrd.com\/#organization"},"potentialAction":[{"@type":"SearchAction","target":{"@type":"EntryPoint","urlTemplate":"https:\/\/www.rutadelascasastipicasrd.com\/?s={search_term_string}"},"query-input":{"@type":"PropertyValueSpecification","valueRequired":true,"valueName":"search_term_string"}}],"inLanguage":"fr-FR"},{"@type":"Organization","@id":"https:\/\/www.rutadelascasastipicasrd.com\/#organization","name":"La Ruta de las Casas T\u00edpicas","url":"https:\/\/www.rutadelascasastipicasrd.com\/","logo":{"@type":"ImageObject","inLanguage":"fr-FR","@id":"https:\/\/www.rutadelascasastipicasrd.com\/#\/schema\/logo\/image\/","url":"https:\/\/www.rutadelascasastipicasrd.com\/wp-content\/uploads\/2024\/02\/cropped-2024-Ruta-de-las-casas-tipicas-fondo-transparente.png","contentUrl":"https:\/\/www.rutadelascasastipicasrd.com\/wp-content\/uploads\/2024\/02\/cropped-2024-Ruta-de-las-casas-tipicas-fondo-transparente.png","width":1563,"height":1563,"caption":"La Ruta de las Casas T\u00edpicas"},"image":{"@id":"https:\/\/www.rutadelascasastipicasrd.com\/#\/schema\/logo\/image\/"}}]}},"jetpack_sharing_enabled":true,"_links":{"self":[{"href":"https:\/\/www.rutadelascasastipicasrd.com\/index.php\/wp-json\/wp\/v2\/pages\/1128","targetHints":{"allow":["GET"]}}],"collection":[{"href":"https:\/\/www.rutadelascasastipicasrd.com\/index.php\/wp-json\/wp\/v2\/pages"}],"about":[{"href":"https:\/\/www.rutadelascasastipicasrd.com\/index.php\/wp-json\/wp\/v2\/types\/page"}],"author":[{"embeddable":true,"href":"https:\/\/www.rutadelascasastipicasrd.com\/index.php\/wp-json\/wp\/v2\/users\/1"}],"replies":[{"embeddable":true,"href":"https:\/\/www.rutadelascasastipicasrd.com\/index.php\/wp-json\/wp\/v2\/comments?post=1128"}],"version-history":[{"count":13,"href":"https:\/\/www.rutadelascasastipicasrd.com\/index.php\/wp-json\/wp\/v2\/pages\/1128\/revisions"}],"predecessor-version":[{"id":1210,"href":"https:\/\/www.rutadelascasastipicasrd.com\/index.php\/wp-json\/wp\/v2\/pages\/1128\/revisions\/1210"}],"wp:attachment":[{"href":"https:\/\/www.rutadelascasastipicasrd.com\/index.php\/wp-json\/wp\/v2\/media?parent=1128"}],"curies":[{"name":"wp","href":"https:\/\/api.w.org\/{rel}","templated":true}]}}