{"id":163,"date":"2022-06-17T23:23:16","date_gmt":"2022-06-17T21:23:16","guid":{"rendered":"https:\/\/travelloversrd.com\/?page_id=163"},"modified":"2025-03-03T21:44:09","modified_gmt":"2025-03-04T01:44:09","slug":"la-ruta-de-las-casas-tipicas","status":"publish","type":"page","link":"https:\/\/www.rutadelascasastipicasrd.com\/index.php\/es\/la-ruta-de-las-casas-tipicas\/","title":{"rendered":"La ruta de las casas t\u00edpicas"},"content":{"rendered":"\n<p>La primera <strong>Ruta de las Casas T\u00edpicas<\/strong> se encuentra en el municipio de <strong>Las Galeras<\/strong>, ubicado en el nordeste de la Rep\u00fablica dominicana.<\/p>\n\n\n\n<h2 class=\"wp-block-heading\">Las Galeras y sus playas de ensue\u00f1o<\/h2>\n\n\n\n<p>El pueblo de Las Galeras se conoce por sus <strong>hermosas playas salvajes de arena blanca, palmeras de cocos<\/strong>, sus <strong>aguas turquesas<\/strong> y la visita anual de las <strong>ballenas jorobadas<\/strong> que vienen a pasar los meses de enero, febrero y marzo en la bah\u00eda protegida de Saman\u00e1.<\/p>\n\n\n\n<p><strong>Playa Rinc\u00f3n<\/strong>, una impresionante playa de 5 kil\u00f3metros de largo bordeada de cocoteros, <strong>Playa Front\u00f3n<\/strong>, accesible s\u00f3lo por lancha o caminando, con su fascinante acantilado que domina una playa de ensue\u00f1o, <strong>Playa Colorada<\/strong> y su arena de color canela son algunas de las m\u00e1s hermosas playas del pa\u00eds. <\/p>\n\n\n\n<h2 class=\"wp-block-heading\">Las Galeras rural<\/h2>\n\n\n\n<p>Sin embargo, las playas, las ballenas, la naturaleza intacta y el ambiente hospitalero de Las Galeras no son todo. Si tomas el tiempo de descubrir sus parajes, <strong>te enamorar\u00e1s de sus caminos de tierra roja, de sus lomas y sus impresionantes vistas panor\u00e1micas<\/strong>. <\/p>\n\n\n\n<p>Fuera de la carretera principal, una ruta vecinal te permitir\u00e1 contemplar las casitas de colores que para algunos simbolizan <strong>recuerdos de infancia<\/strong> y para otros la memoria de <strong>un tiempo donde la vida era m\u00e1s simple y m\u00e1s conectada a la naturaleza<\/strong>. Podr\u00e1s ver sus <strong>habitantes sonriendo y saludando<\/strong>, sus ni\u00f1os volviendo de la escuela, sus amas de casa colgando la ropa o recogiendo los guandules para la cena.<\/p>\n\n\n\n<p>El turismo ha aportado el <strong>progreso econ\u00f3mico<\/strong> a Las Galeras; hoy d\u00eda nos felicitamos poder <strong>conservar<\/strong> <strong>las casitas t\u00edpicas de madera y colores<\/strong> <strong>que le daban todo su encanto, su alma y en definitiva su identidad<\/strong>, <strong>junto a las casas m\u00e1s modernas y c\u00f3modas<\/strong> que sus habitantes construyen. <\/p>\n\n\n\n<p>Nos enorgullecemos que su visita permita a los propietarios <strong>valorar sus casas t\u00edpicas<\/strong> y poder todav\u00eda <strong>hacerlas descubrir a sus nietos y a los visitantes de todos los pa\u00edses.<\/strong><\/p>\n\n\n\n<p>Poder <strong>degustar una caf\u00e9 reci\u00e9n colado<\/strong>, comer un <strong>sabroso plato<\/strong> preparado con amor, comprar unos <strong>recuerdos o artesan\u00eda local<\/strong>, vivir la <strong>experiencia de dormir en una casa t\u00edpica<\/strong> son valores que la Ruta de las Casas T\u00edpicas quiere mantener para un <strong>turismo sostenible y razonado<\/strong>. Tu visita es un verdadero apoyo a la comunidad al mismo tiempo que te dejar\u00e1 unos <strong>recuerdos inolvidables<\/strong>.<\/p>\n\n\n\n<p><\/p>\n\n\n\n<p>Descubra el <a href=\"https:\/\/www.rutadelascasastipicasrd.com\/index.php\/mapa-de-la-ruta-de-las-casas-tipicas\/\"><strong>Mapa Interactivo<\/strong><\/a> de la Ruta de las Casas T\u00edpicas.<\/p>\n","protected":false},"excerpt":{"rendered":"<p>La primera Ruta de las Casas T\u00edpicas se encuentra en el municipio de Las Galeras, ubicado en el nordeste de la Rep\u00fablica dominicana. Las Galeras y sus playas de ensue\u00f1o El pueblo de Las Galeras se conoce por sus hermosas playas salvajes de arena blanca, palmeras de cocos, sus aguas turquesas y la visita anual &hellip; <\/p>\n<p class=\"link-more\"><a href=\"https:\/\/www.rutadelascasastipicasrd.com\/index.php\/es\/la-ruta-de-las-casas-tipicas\/\" class=\"more-link\">Continuer la lecture<span class=\"screen-reader-text\"> de &laquo;&nbsp;La ruta de las casas t\u00edpicas&nbsp;&raquo;<\/span><\/a><\/p>\n","protected":false},"author":1,"featured_media":0,"parent":0,"menu_order":0,"comment_status":"closed","ping_status":"closed","template":"","meta":{"footnotes":""},"class_list":["post-163","page","type-page","status-publish","hentry"],"yoast_head":"<!-- This site is optimized with the Yoast SEO plugin v27.4 - https:\/\/yoast.com\/product\/yoast-seo-wordpress\/ -->\n<title>La ruta de las casas t\u00edpicas - La Ruta de las Casas T\u00edpicas<\/title>\n<meta name=\"description\" content=\"La Ruta de las Casas T\u00edpicas permite un turismo sostenible para que el pueblo crezca manteniendo su encanto, su identidad y su alma.\" \/>\n<meta name=\"robots\" content=\"index, follow, max-snippet:-1, max-image-preview:large, max-video-preview:-1\" \/>\n<link rel=\"canonical\" href=\"https:\/\/www.rutadelascasastipicasrd.com\/index.php\/es\/la-ruta-de-las-casas-tipicas\/\" \/>\n<meta property=\"og:locale\" content=\"fr_FR\" \/>\n<meta property=\"og:type\" content=\"article\" \/>\n<meta property=\"og:title\" content=\"La ruta de las casas t\u00edpicas - La Ruta de las Casas T\u00edpicas\" \/>\n<meta property=\"og:description\" content=\"La Ruta de las Casas T\u00edpicas permite un turismo sostenible para que el pueblo crezca manteniendo su encanto, su identidad y su alma.\" \/>\n<meta property=\"og:url\" content=\"https:\/\/www.rutadelascasastipicasrd.com\/index.php\/es\/la-ruta-de-las-casas-tipicas\/\" \/>\n<meta property=\"og:site_name\" content=\"La Ruta de las Casas T\u00edpicas\" \/>\n<meta property=\"article:modified_time\" content=\"2025-03-04T01:44:09+00:00\" \/>\n<meta name=\"twitter:card\" content=\"summary_large_image\" \/>\n<meta name=\"twitter:label1\" content=\"Dur\u00e9e de lecture estim\u00e9e\" \/>\n\t<meta name=\"twitter:data1\" content=\"2 minutes\" \/>\n<script type=\"application\/ld+json\" class=\"yoast-schema-graph\">{\"@context\":\"https:\\\/\\\/schema.org\",\"@graph\":[{\"@type\":\"WebPage\",\"@id\":\"https:\\\/\\\/www.rutadelascasastipicasrd.com\\\/index.php\\\/es\\\/la-ruta-de-las-casas-tipicas\\\/\",\"url\":\"https:\\\/\\\/www.rutadelascasastipicasrd.com\\\/index.php\\\/es\\\/la-ruta-de-las-casas-tipicas\\\/\",\"name\":\"La ruta de las casas t\u00edpicas - La Ruta de las Casas T\u00edpicas\",\"isPartOf\":{\"@id\":\"https:\\\/\\\/www.rutadelascasastipicasrd.com\\\/#website\"},\"datePublished\":\"2022-06-17T21:23:16+00:00\",\"dateModified\":\"2025-03-04T01:44:09+00:00\",\"description\":\"La Ruta de las Casas T\u00edpicas permite un turismo sostenible para que el pueblo crezca manteniendo su encanto, su identidad y su alma.\",\"breadcrumb\":{\"@id\":\"https:\\\/\\\/www.rutadelascasastipicasrd.com\\\/index.php\\\/es\\\/la-ruta-de-las-casas-tipicas\\\/#breadcrumb\"},\"inLanguage\":\"fr-FR\",\"potentialAction\":[{\"@type\":\"ReadAction\",\"target\":[\"https:\\\/\\\/www.rutadelascasastipicasrd.com\\\/index.php\\\/es\\\/la-ruta-de-las-casas-tipicas\\\/\"]}]},{\"@type\":\"BreadcrumbList\",\"@id\":\"https:\\\/\\\/www.rutadelascasastipicasrd.com\\\/index.php\\\/es\\\/la-ruta-de-las-casas-tipicas\\\/#breadcrumb\",\"itemListElement\":[{\"@type\":\"ListItem\",\"position\":1,\"name\":\"Home\",\"item\":\"https:\\\/\\\/www.rutadelascasastipicasrd.com\\\/index.php\\\/es\\\/inicio\\\/\"},{\"@type\":\"ListItem\",\"position\":2,\"name\":\"La ruta de las casas t\u00edpicas\"}]},{\"@type\":\"WebSite\",\"@id\":\"https:\\\/\\\/www.rutadelascasastipicasrd.com\\\/#website\",\"url\":\"https:\\\/\\\/www.rutadelascasastipicasrd.com\\\/\",\"name\":\"La Ruta de las Casas T\u00edpicas\",\"description\":\"Rep\u00fablica Dominicana\",\"publisher\":{\"@id\":\"https:\\\/\\\/www.rutadelascasastipicasrd.com\\\/#organization\"},\"potentialAction\":[{\"@type\":\"SearchAction\",\"target\":{\"@type\":\"EntryPoint\",\"urlTemplate\":\"https:\\\/\\\/www.rutadelascasastipicasrd.com\\\/?s={search_term_string}\"},\"query-input\":{\"@type\":\"PropertyValueSpecification\",\"valueRequired\":true,\"valueName\":\"search_term_string\"}}],\"inLanguage\":\"fr-FR\"},{\"@type\":\"Organization\",\"@id\":\"https:\\\/\\\/www.rutadelascasastipicasrd.com\\\/#organization\",\"name\":\"La Ruta de las Casas T\u00edpicas\",\"url\":\"https:\\\/\\\/www.rutadelascasastipicasrd.com\\\/\",\"logo\":{\"@type\":\"ImageObject\",\"inLanguage\":\"fr-FR\",\"@id\":\"https:\\\/\\\/www.rutadelascasastipicasrd.com\\\/#\\\/schema\\\/logo\\\/image\\\/\",\"url\":\"https:\\\/\\\/www.rutadelascasastipicasrd.com\\\/wp-content\\\/uploads\\\/2024\\\/02\\\/cropped-2024-Ruta-de-las-casas-tipicas-fondo-transparente.png\",\"contentUrl\":\"https:\\\/\\\/www.rutadelascasastipicasrd.com\\\/wp-content\\\/uploads\\\/2024\\\/02\\\/cropped-2024-Ruta-de-las-casas-tipicas-fondo-transparente.png\",\"width\":1563,\"height\":1563,\"caption\":\"La Ruta de las Casas T\u00edpicas\"},\"image\":{\"@id\":\"https:\\\/\\\/www.rutadelascasastipicasrd.com\\\/#\\\/schema\\\/logo\\\/image\\\/\"}}]}<\/script>\n<!-- \/ Yoast SEO plugin. -->","yoast_head_json":{"title":"La ruta de las casas t\u00edpicas - La Ruta de las Casas T\u00edpicas","description":"La Ruta de las Casas T\u00edpicas permite un turismo sostenible para que el pueblo crezca manteniendo su encanto, su identidad y su alma.","robots":{"index":"index","follow":"follow","max-snippet":"max-snippet:-1","max-image-preview":"max-image-preview:large","max-video-preview":"max-video-preview:-1"},"canonical":"https:\/\/www.rutadelascasastipicasrd.com\/index.php\/es\/la-ruta-de-las-casas-tipicas\/","og_locale":"fr_FR","og_type":"article","og_title":"La ruta de las casas t\u00edpicas - La Ruta de las Casas T\u00edpicas","og_description":"La Ruta de las Casas T\u00edpicas permite un turismo sostenible para que el pueblo crezca manteniendo su encanto, su identidad y su alma.","og_url":"https:\/\/www.rutadelascasastipicasrd.com\/index.php\/es\/la-ruta-de-las-casas-tipicas\/","og_site_name":"La Ruta de las Casas T\u00edpicas","article_modified_time":"2025-03-04T01:44:09+00:00","twitter_card":"summary_large_image","twitter_misc":{"Dur\u00e9e de lecture estim\u00e9e":"2 minutes"},"schema":{"@context":"https:\/\/schema.org","@graph":[{"@type":"WebPage","@id":"https:\/\/www.rutadelascasastipicasrd.com\/index.php\/es\/la-ruta-de-las-casas-tipicas\/","url":"https:\/\/www.rutadelascasastipicasrd.com\/index.php\/es\/la-ruta-de-las-casas-tipicas\/","name":"La ruta de las casas t\u00edpicas - La Ruta de las Casas T\u00edpicas","isPartOf":{"@id":"https:\/\/www.rutadelascasastipicasrd.com\/#website"},"datePublished":"2022-06-17T21:23:16+00:00","dateModified":"2025-03-04T01:44:09+00:00","description":"La Ruta de las Casas T\u00edpicas permite un turismo sostenible para que el pueblo crezca manteniendo su encanto, su identidad y su alma.","breadcrumb":{"@id":"https:\/\/www.rutadelascasastipicasrd.com\/index.php\/es\/la-ruta-de-las-casas-tipicas\/#breadcrumb"},"inLanguage":"fr-FR","potentialAction":[{"@type":"ReadAction","target":["https:\/\/www.rutadelascasastipicasrd.com\/index.php\/es\/la-ruta-de-las-casas-tipicas\/"]}]},{"@type":"BreadcrumbList","@id":"https:\/\/www.rutadelascasastipicasrd.com\/index.php\/es\/la-ruta-de-las-casas-tipicas\/#breadcrumb","itemListElement":[{"@type":"ListItem","position":1,"name":"Home","item":"https:\/\/www.rutadelascasastipicasrd.com\/index.php\/es\/inicio\/"},{"@type":"ListItem","position":2,"name":"La ruta de las casas t\u00edpicas"}]},{"@type":"WebSite","@id":"https:\/\/www.rutadelascasastipicasrd.com\/#website","url":"https:\/\/www.rutadelascasastipicasrd.com\/","name":"La Ruta de las Casas T\u00edpicas","description":"Rep\u00fablica Dominicana","publisher":{"@id":"https:\/\/www.rutadelascasastipicasrd.com\/#organization"},"potentialAction":[{"@type":"SearchAction","target":{"@type":"EntryPoint","urlTemplate":"https:\/\/www.rutadelascasastipicasrd.com\/?s={search_term_string}"},"query-input":{"@type":"PropertyValueSpecification","valueRequired":true,"valueName":"search_term_string"}}],"inLanguage":"fr-FR"},{"@type":"Organization","@id":"https:\/\/www.rutadelascasastipicasrd.com\/#organization","name":"La Ruta de las Casas T\u00edpicas","url":"https:\/\/www.rutadelascasastipicasrd.com\/","logo":{"@type":"ImageObject","inLanguage":"fr-FR","@id":"https:\/\/www.rutadelascasastipicasrd.com\/#\/schema\/logo\/image\/","url":"https:\/\/www.rutadelascasastipicasrd.com\/wp-content\/uploads\/2024\/02\/cropped-2024-Ruta-de-las-casas-tipicas-fondo-transparente.png","contentUrl":"https:\/\/www.rutadelascasastipicasrd.com\/wp-content\/uploads\/2024\/02\/cropped-2024-Ruta-de-las-casas-tipicas-fondo-transparente.png","width":1563,"height":1563,"caption":"La Ruta de las Casas T\u00edpicas"},"image":{"@id":"https:\/\/www.rutadelascasastipicasrd.com\/#\/schema\/logo\/image\/"}}]}},"jetpack_sharing_enabled":true,"_links":{"self":[{"href":"https:\/\/www.rutadelascasastipicasrd.com\/index.php\/wp-json\/wp\/v2\/pages\/163","targetHints":{"allow":["GET"]}}],"collection":[{"href":"https:\/\/www.rutadelascasastipicasrd.com\/index.php\/wp-json\/wp\/v2\/pages"}],"about":[{"href":"https:\/\/www.rutadelascasastipicasrd.com\/index.php\/wp-json\/wp\/v2\/types\/page"}],"author":[{"embeddable":true,"href":"https:\/\/www.rutadelascasastipicasrd.com\/index.php\/wp-json\/wp\/v2\/users\/1"}],"replies":[{"embeddable":true,"href":"https:\/\/www.rutadelascasastipicasrd.com\/index.php\/wp-json\/wp\/v2\/comments?post=163"}],"version-history":[{"count":8,"href":"https:\/\/www.rutadelascasastipicasrd.com\/index.php\/wp-json\/wp\/v2\/pages\/163\/revisions"}],"predecessor-version":[{"id":657,"href":"https:\/\/www.rutadelascasastipicasrd.com\/index.php\/wp-json\/wp\/v2\/pages\/163\/revisions\/657"}],"wp:attachment":[{"href":"https:\/\/www.rutadelascasastipicasrd.com\/index.php\/wp-json\/wp\/v2\/media?parent=163"}],"curies":[{"name":"wp","href":"https:\/\/api.w.org\/{rel}","templated":true}]}}