{"id":174,"date":"2022-06-18T00:20:00","date_gmt":"2022-06-17T22:20:00","guid":{"rendered":"https:\/\/travelloversrd.com\/?page_id=174"},"modified":"2026-01-05T19:28:35","modified_gmt":"2026-01-05T23:28:35","slug":"reservas","status":"publish","type":"page","link":"https:\/\/www.rutadelascasastipicasrd.com\/index.php\/es\/reservas\/","title":{"rendered":"Reservar un Tour Oficial"},"content":{"rendered":"\n<p>Al <strong>reservar el Tour exclusivamente con la Ruta de las casas t\u00edpicas<\/strong>, contribuye en <strong>apoyar y sostener la conservaci\u00f3n de las casas t\u00edpicas participantes<\/strong>. <br>Eso porque el precio de tu excursi\u00f3n incluye el transporte, el ch\u00f3fer y el gu\u00eda local, el almuerzo en una casa t\u00edpica preparado por los mismos hu\u00e9spedes, un jugo en otra casa y una parte de tu boleto servir\u00e1 para regalar los premios del concurso anual.<\/p>\n\n\n\n<blockquote class=\"wp-block-quote has-text-align-center is-layout-flow wp-block-quote-is-layout-flow\">\n<p>Est\u00e1s no solo contribuyendo a la econom\u00eda local,<br>sino tambi\u00e9n a la conservaci\u00f3n del patrimonio cultural de nuestra regi\u00f3n!<\/p>\n<\/blockquote>\n\n\n\n<div class=\"wpcf7 no-js\" id=\"wpcf7-f670-o1\" lang=\"fr-FR\" dir=\"ltr\" data-wpcf7-id=\"670\">\n<div class=\"screen-reader-response\"><p role=\"status\" aria-live=\"polite\" aria-atomic=\"true\"><\/p> <ul><\/ul><\/div>\n<form action=\"\/index.php\/wp-json\/wp\/v2\/pages\/174#wpcf7-f670-o1\" method=\"post\" class=\"wpcf7-form init\" aria-label=\"Formulaire de contact\" novalidate=\"novalidate\" data-status=\"init\">\n<fieldset class=\"hidden-fields-container\"><input type=\"hidden\" name=\"_wpcf7\" value=\"670\" \/><input type=\"hidden\" name=\"_wpcf7_version\" value=\"6.1.5\" \/><input type=\"hidden\" name=\"_wpcf7_locale\" value=\"fr_FR\" \/><input type=\"hidden\" name=\"_wpcf7_unit_tag\" value=\"wpcf7-f670-o1\" \/><input type=\"hidden\" name=\"_wpcf7_container_post\" value=\"0\" \/><input type=\"hidden\" name=\"_wpcf7_posted_data_hash\" value=\"\" \/>\n<\/fieldset>\n<p><label for=\"your-name\">Nombre \/ Name \/ Nom \/ \u0444\u0430\u043c\u0438\u043b\u0438\u044f<\/label><span class=\"wpcf7-form-control-wrap\" data-name=\"your-name\"><input size=\"40\" maxlength=\"400\" class=\"wpcf7-form-control wpcf7-text wpcf7-validates-as-required\" aria-required=\"true\" aria-invalid=\"false\" value=\"\" type=\"text\" name=\"your-name\" \/><\/span>\n<\/p>\n<p><label for=\"your-email\">e-mail<\/label><span class=\"wpcf7-form-control-wrap\" data-name=\"your-email\"><input size=\"40\" maxlength=\"400\" class=\"wpcf7-form-control wpcf7-email wpcf7-validates-as-required wpcf7-text wpcf7-validates-as-email\" aria-required=\"true\" aria-invalid=\"false\" value=\"\" type=\"email\" name=\"your-email\" \/><\/span>\n<\/p>\n<p><label for=\"tel-924\">N\u00b0 WhatsApp<\/label><span class=\"wpcf7-form-control-wrap\" data-name=\"tel-924\"><input size=\"40\" maxlength=\"400\" class=\"wpcf7-form-control wpcf7-tel wpcf7-text wpcf7-validates-as-tel\" aria-invalid=\"false\" value=\"\" type=\"tel\" name=\"tel-924\" \/><\/span>\n<\/p>\n<p><label for=\"date-881\">Fecha de excursi\u00f3n deseada \/ Date of Tour \/ Date de l'excursion \/ Ausflugstermin \/ \u0434\u0430\u0442\u0430 \u044d\u043a\u0441\u043a\u0443\u0440\u0441\u0438\u0438<\/label><span class=\"wpcf7-form-control-wrap\" data-name=\"date-881\"><input class=\"wpcf7-form-control wpcf7-date wpcf7-validates-as-date\" aria-invalid=\"false\" value=\"\" type=\"date\" name=\"date-881\" \/><\/span>\n<\/p>\n<p><label for=\"number-382\">Cantidad de adultos \/ Number of adults \/ Nombre d'adultes \/ Anzahl Erwachsene \/ \u043a\u043e\u043b\u0438\u0447\u0435\u0441\u0442\u0432\u043e \u0432\u0437\u0440\u043e\u0441\u043b\u044b\u0445<\/label><span class=\"wpcf7-form-control-wrap\" data-name=\"number-382\"><input class=\"wpcf7-form-control wpcf7-number wpcf7-validates-as-number\" aria-invalid=\"false\" value=\"\" type=\"number\" name=\"number-382\" \/><\/span>\n<\/p>\n<p><label for=\"number-894\">Cantidad de ni\u00f1os (de 8 a 15 a\u00f1os) \/ Number of children (8 till 15 years old)\/ Nombre d'enfants (8 \u00e0 15 ans) \/ Anzahl Kinder (8 bis 15 Jahre alt) \/ \u041a\u043e\u043b\u0438\u0447\u0435\u0441\u0442\u0432\u043e \u0434\u0435\u0442\u0435\u0439 (\u043e\u0442 8 \u0434\u043e 15 \u043b\u0435\u0442)<\/label><span class=\"wpcf7-form-control-wrap\" data-name=\"number-894\"><input class=\"wpcf7-form-control wpcf7-number wpcf7-validates-as-number\" aria-invalid=\"false\" value=\"\" type=\"number\" name=\"number-894\" \/><\/span>\n<\/p>\n<p><label for=\"radio-152\">Idioma hablado \/ Your language \/ Langue parl\u00e9e \/ Gesprochene Sprache \/ \u041a\u043e\u043b\u0438\u0447\u0435\u0441\u0442\u0432\u043e \u0434\u0435\u0442\u0435\u0439 (\u043e\u0442 6 \u0434\u043e 15 \u043b\u0435\u0442)<\/label><span class=\"wpcf7-form-control-wrap\" data-name=\"radio-152\"><span class=\"wpcf7-form-control wpcf7-radio\"><span class=\"wpcf7-list-item first\"><label><input type=\"radio\" name=\"radio-152\" value=\"Espa\u00f1ol\" checked=\"checked\" \/><span class=\"wpcf7-list-item-label\">Espa\u00f1ol<\/span><\/label><\/span><span class=\"wpcf7-list-item\"><label><input type=\"radio\" name=\"radio-152\" value=\"English\" \/><span class=\"wpcf7-list-item-label\">English<\/span><\/label><\/span><span class=\"wpcf7-list-item\"><label><input type=\"radio\" name=\"radio-152\" value=\"Fran\u00e7ais\" \/><span class=\"wpcf7-list-item-label\">Fran\u00e7ais<\/span><\/label><\/span><span class=\"wpcf7-list-item\"><label><input type=\"radio\" name=\"radio-152\" value=\"Deutsch\" \/><span class=\"wpcf7-list-item-label\">Deutsch<\/span><\/label><\/span><span class=\"wpcf7-list-item last\"><label><input type=\"radio\" name=\"radio-152\" value=\"\u0420\u0443\u0441\u0441\u043a\u0438\u0439\" \/><span class=\"wpcf7-list-item-label\">\u0420\u0443\u0441\u0441\u043a\u0438\u0439<\/span><\/label><\/span><\/span><\/span>\n<\/p>\n<p><label for=\"your-message\">Su mensaje \/ Your message \/ Votre message \/ Ihre Nachricht \/ \u0412\u0430\u0448\u0435 \u0441\u043e\u043e\u0431\u0449\u0435\u043d\u0438\u0435<\/label><span class=\"wpcf7-form-control-wrap\" data-name=\"your-message\"><textarea cols=\"40\" rows=\"10\" maxlength=\"2000\" class=\"wpcf7-form-control wpcf7-textarea\" aria-invalid=\"false\" name=\"your-message\"><\/textarea><\/span>\n<\/p>\n<p><input class=\"wpcf7-form-control wpcf7-submit has-spinner\" type=\"submit\" value=\"Enviar \/ Envoyer \/ Send\" \/>\n<\/p><p style=\"display: none !important;\" class=\"akismet-fields-container\" data-prefix=\"_wpcf7_ak_\"><label>&#916;<textarea name=\"_wpcf7_ak_hp_textarea\" cols=\"45\" rows=\"8\" maxlength=\"100\"><\/textarea><\/label><input type=\"hidden\" id=\"ak_js_1\" name=\"_wpcf7_ak_js\" value=\"243\"\/><script>document.getElementById( \"ak_js_1\" ).setAttribute( \"value\", ( new Date() ).getTime() );<\/script><\/p><div class=\"wpcf7-response-output\" aria-hidden=\"true\"><\/div>\n<\/form>\n<\/div>\n\n\n\n\n<h2 class=\"wp-block-heading\">Una excursi\u00f3n pintoresca y cultural para ir solo o en grupo<\/h2>\n\n\n\n<p>Recorre la <strong>Ruta de las Casas T\u00edpicas<\/strong> en peque\u00f1o grupo (hasta 8 personas)<strong> a bordo de una aut\u00e9ntica \u00ab\u00a0guagua\u00a0\u00bb local<\/strong> al son de algunas de las mejores bachatas dominicanas!<\/p>\n\n\n\n<p>Sea con tus amigos, familia, tu pareja o solo.a, disfrutar\u00e1s de una <strong>jornada inolvidable<\/strong>.<\/p>\n\n\n\n<p>Acompa\u00f1ados por un <strong>chofer<\/strong>, un <strong>gu\u00eda local de Las<\/strong> <strong>Galeras <\/strong>les contar\u00e1 de la <strong>historia del pueblo<\/strong> y de la <strong>arquitectura popular<\/strong>, haz tu <strong><a href=\"https:\/\/www.rutadelascasastipicasrd.com\/index.php\/es\/contacto\/\">reserva aqu\u00ed<\/a><\/strong>.<\/p>\n\n\n\n<p><\/p>\n\n\n\n<p><strong>Salida a las 10 am<\/strong> frente a unja de las m\u00e1s antiguas casas de la calle principal. <br>El itinerario dura unas 5 horas e incluye un <strong>almuerzo en una de las casas t\u00edpicas<\/strong>, y si el tiempo lo permite, una pausa en Playa Rinc\u00f3n.<\/p>\n\n\n<div class=\"wp-block-image is-resized\">\n<figure class=\"alignright size-large\"><img loading=\"lazy\" decoding=\"async\" width=\"1024\" height=\"576\" src=\"https:\/\/www.rutadelascasastipicasrd.com\/wp-content\/uploads\/2022\/06\/GUAGUA-avec-logo-La-Ruta-de-las-Casas-Tipicas-1024x576.jpg\" alt=\"\" class=\"wp-image-175\" srcset=\"https:\/\/www.rutadelascasastipicasrd.com\/wp-content\/uploads\/2022\/06\/GUAGUA-avec-logo-La-Ruta-de-las-Casas-Tipicas-1024x576.jpg 1024w, https:\/\/www.rutadelascasastipicasrd.com\/wp-content\/uploads\/2022\/06\/GUAGUA-avec-logo-La-Ruta-de-las-Casas-Tipicas-300x169.jpg 300w, https:\/\/www.rutadelascasastipicasrd.com\/wp-content\/uploads\/2022\/06\/GUAGUA-avec-logo-La-Ruta-de-las-Casas-Tipicas-768x432.jpg 768w, https:\/\/www.rutadelascasastipicasrd.com\/wp-content\/uploads\/2022\/06\/GUAGUA-avec-logo-La-Ruta-de-las-Casas-Tipicas-1536x864.jpg 1536w, https:\/\/www.rutadelascasastipicasrd.com\/wp-content\/uploads\/2022\/06\/GUAGUA-avec-logo-La-Ruta-de-las-Casas-Tipicas.jpg 1920w\" sizes=\"auto, (max-width: 767px) 89vw, (max-width: 1000px) 54vw, (max-width: 1071px) 543px, 580px\" \/><\/figure>\n<\/div>\n\n\n<p>En el recorrido que har\u00e1n a paso tranquilo, podr\u00e1n ver la mayor parte de las casas participantes y tendr\u00e1n aproximadamente<strong> 5 paradas fotogr\u00e1ficas<\/strong> (las paradas cambian seg\u00fan los d\u00edas para beneficiar a todos los locales). <\/p>\n\n\n\n<p>Podr\u00e1n aprovechar el Tour para comprar <strong>especialidades y artesan\u00eda locales<\/strong> como pan de coco, caf\u00e9 y cacao<strong>, <\/strong>prenda y objetos hechos con coco, hig\u00fcero y guayac\u00e1n&#8230; entre otros.<\/p>\n\n\n\n<p><strong>El gu\u00eda les contar\u00e1 la historia de Las Galeras<\/strong> y sus parajes, y podr\u00e1n escuchar algunas de las <strong>bachatas <\/strong>mas destacadas de nuestra m\u00fasica nacional.<\/p>\n\n\n\n<p>Con el <strong>Tour Oficial<\/strong>, podr\u00e1n disfrutar de un t\u00edpico almuerzo dominicano en una de las casas participantes de la ruta, y m\u00e1s tarde podr\u00e1n hacer una parada en la hermosa <strong>Playa Rinc\u00f3n<\/strong> con su ca\u00f1o fr\u00edo. Ser\u00e1 un momento privilegiado donde podr\u00e1n <strong>compartir con los hu\u00e9spedes de las casas<\/strong> <strong>participantes a la ruta<\/strong>.<\/p>\n\n\n\n<p>A la vuelta, podr\u00e1n hacer una paradas m\u00e1s para tomar una agua de coco o un jugo natural en otra casa participante y finalmente visitar el peque\u00f1o <strong>Museo de Las Casas T\u00edpicas donde podr\u00e1n comprar recuerdos y productos artesanales locales<\/strong>.<br>Llegar\u00e1n al centro de Las Galeras al rededor de las 4pm.<\/p>\n\n\n\n<h2 class=\"wp-block-heading has-text-align-center has-luminous-vivid-orange-background-color has-text-color has-background\" style=\"color:#2d2929;font-size:28px\">Precio del Tour (almuerzo incluido y parada en Playa Rinc\u00f3n)<\/h2>\n\n\n\n<p><strong>80 U$D  por adult<\/strong>o<strong><br>60 U$D  por <strong>ni\u00f1o de menos de 15 a\u00f1os<\/strong><\/strong><\/p>\n\n\n\n<p><\/p>\n\n\n\n<p><em>* El Tour en Guagua T\u00edpica <strong>no est\u00e1 recomendado para ni\u00f1os de menos de 8 a\u00f1os<\/strong><\/em><\/p>\n\n\n\n<p>*<em>* El almuerzo y las paradas son momentos donde podr\u00e1n <strong>compartir con los locales<\/strong>, tambi\u00e9n es una contribuci\u00f3n para ellos creando una <strong>fuente de ingresos para ellos<\/strong>. <\/em><br><em>Adem\u00e1s, una parte de los beneficios del Tour sirven para los premios del <strong><a href=\"https:\/\/www.rutadelascasastipicasrd.com\/index.php\/es\/concurso-de-la-casa-tipica-mas-bella\/\">concurso anual<\/a><\/strong>.<\/em><\/p>\n\n\n\n<p><strong><a href=\"https:\/\/www.rutadelascasastipicasrd.com\/index.php\/es\/contacto\/\">Cons\u00faltanos para grupos de m\u00e1s de 20 personas, escuelas y estudiantes<\/a><\/strong>!<\/p>\n\n\n\n<div class=\"wp-block-buttons is-layout-flex wp-block-buttons-is-layout-flex\">\n<div class=\"wp-block-button has-custom-width wp-block-button__width-50 has-custom-font-size is-style-fill has-medium-font-size aligncenter\"><a class=\"wp-block-button__link has-vivid-red-background-color has-background wp-element-button\">RESERVA AHORA<\/a><\/div>\n<\/div>\n\n\n\n<h2 class=\"wp-block-heading\" style=\"font-style:normal;font-weight:600\">Opci\u00f3n Fot\u00f3grafo<\/h2>\n\n\n\n<p>Un fot\u00f3grafo profesional podr\u00e1 acompa\u00f1ar su grupo para tirarles las mejores fotos a lo largo del itinerario. Elija las opciones de fotos que le entregar\u00e1n (en formato digital) al final de la excursi\u00f3n. <\/p>\n\n\n\n<p>Adem\u00e1s de un hermoso recuerdo, ahora tendr\u00e1 unas hermosas fotos listas para compartir en sus redes sociales con amigos y familia!<\/p>\n\n\n\n<h2 class=\"wp-block-heading\">Qu\u00e9 llevar?<\/h2>\n\n\n\n<p>Crema solar, gorra, lentes de sol, traje de ba\u00f1o, toalla, menudo (no suelen aceptar las tarjetas en los comercio locales), tambi\u00e9n pueden traer alg\u00fan peque\u00f1o  obsequio o donaci\u00f3n si desean contribuir a\u00fan m\u00e1s con la poblaci\u00f3n local.<\/p>\n","protected":false},"excerpt":{"rendered":"<p>Al reservar el Tour exclusivamente con la Ruta de las casas t\u00edpicas, contribuye en apoyar y sostener la conservaci\u00f3n de las casas t\u00edpicas participantes. Eso porque el precio de tu excursi\u00f3n incluye el transporte, el ch\u00f3fer y el gu\u00eda local, el almuerzo en una casa t\u00edpica preparado por los mismos hu\u00e9spedes, un jugo en otra &hellip; <\/p>\n<p class=\"link-more\"><a href=\"https:\/\/www.rutadelascasastipicasrd.com\/index.php\/es\/reservas\/\" class=\"more-link\">Continuer la lecture<span class=\"screen-reader-text\"> de &laquo;&nbsp;Reservar un Tour Oficial&nbsp;&raquo;<\/span><\/a><\/p>\n","protected":false},"author":1,"featured_media":175,"parent":0,"menu_order":0,"comment_status":"closed","ping_status":"closed","template":"","meta":{"footnotes":""},"class_list":["post-174","page","type-page","status-publish","has-post-thumbnail","hentry"],"yoast_head":"<!-- This site is optimized with the Yoast SEO plugin v27.4 - https:\/\/yoast.com\/product\/yoast-seo-wordpress\/ -->\n<title>Reservar un Tour Oficial - La Ruta de las Casas T\u00edpicas<\/title>\n<meta name=\"description\" content=\"Reserva tu excursi\u00f3n para la Ruta de las Casas T\u00edpicas en Las Galeras, Saman\u00e1. Horarios y precios para hacer el circuito en guagua t\u00edpica.\" \/>\n<meta name=\"robots\" content=\"index, follow, max-snippet:-1, max-image-preview:large, max-video-preview:-1\" \/>\n<link rel=\"canonical\" href=\"https:\/\/www.rutadelascasastipicasrd.com\/index.php\/es\/reservas\/\" \/>\n<meta property=\"og:locale\" content=\"fr_FR\" \/>\n<meta property=\"og:type\" content=\"article\" \/>\n<meta property=\"og:title\" content=\"Reservar un Tour Oficial - La Ruta de las Casas T\u00edpicas\" \/>\n<meta property=\"og:description\" content=\"Reserva tu excursi\u00f3n para la Ruta de las Casas T\u00edpicas en Las Galeras, Saman\u00e1. Horarios y precios para hacer el circuito en guagua t\u00edpica.\" \/>\n<meta property=\"og:url\" content=\"https:\/\/www.rutadelascasastipicasrd.com\/index.php\/es\/reservas\/\" \/>\n<meta property=\"og:site_name\" content=\"La Ruta de las Casas T\u00edpicas\" \/>\n<meta property=\"article:modified_time\" content=\"2026-01-05T23:28:35+00:00\" \/>\n<meta property=\"og:image\" content=\"https:\/\/www.rutadelascasastipicasrd.com\/wp-content\/uploads\/2022\/06\/GUAGUA-avec-logo-La-Ruta-de-las-Casas-Tipicas.jpg\" \/>\n\t<meta property=\"og:image:width\" content=\"1920\" \/>\n\t<meta property=\"og:image:height\" content=\"1080\" \/>\n\t<meta property=\"og:image:type\" content=\"image\/jpeg\" \/>\n<meta name=\"twitter:card\" content=\"summary_large_image\" \/>\n<meta name=\"twitter:label1\" content=\"Dur\u00e9e de lecture estim\u00e9e\" \/>\n\t<meta name=\"twitter:data1\" content=\"4 minutes\" \/>\n<script type=\"application\/ld+json\" class=\"yoast-schema-graph\">{\"@context\":\"https:\\\/\\\/schema.org\",\"@graph\":[{\"@type\":\"WebPage\",\"@id\":\"https:\\\/\\\/www.rutadelascasastipicasrd.com\\\/index.php\\\/es\\\/reservas\\\/\",\"url\":\"https:\\\/\\\/www.rutadelascasastipicasrd.com\\\/index.php\\\/es\\\/reservas\\\/\",\"name\":\"Reservar un Tour Oficial - La Ruta de las Casas T\u00edpicas\",\"isPartOf\":{\"@id\":\"https:\\\/\\\/www.rutadelascasastipicasrd.com\\\/#website\"},\"primaryImageOfPage\":{\"@id\":\"https:\\\/\\\/www.rutadelascasastipicasrd.com\\\/index.php\\\/es\\\/reservas\\\/#primaryimage\"},\"image\":{\"@id\":\"https:\\\/\\\/www.rutadelascasastipicasrd.com\\\/index.php\\\/es\\\/reservas\\\/#primaryimage\"},\"thumbnailUrl\":\"https:\\\/\\\/www.rutadelascasastipicasrd.com\\\/wp-content\\\/uploads\\\/2022\\\/06\\\/GUAGUA-avec-logo-La-Ruta-de-las-Casas-Tipicas.jpg\",\"datePublished\":\"2022-06-17T22:20:00+00:00\",\"dateModified\":\"2026-01-05T23:28:35+00:00\",\"description\":\"Reserva tu excursi\u00f3n para la Ruta de las Casas T\u00edpicas en Las Galeras, Saman\u00e1. Horarios y precios para hacer el circuito en guagua t\u00edpica.\",\"breadcrumb\":{\"@id\":\"https:\\\/\\\/www.rutadelascasastipicasrd.com\\\/index.php\\\/es\\\/reservas\\\/#breadcrumb\"},\"inLanguage\":\"fr-FR\",\"potentialAction\":[{\"@type\":\"ReadAction\",\"target\":[\"https:\\\/\\\/www.rutadelascasastipicasrd.com\\\/index.php\\\/es\\\/reservas\\\/\"]}]},{\"@type\":\"ImageObject\",\"inLanguage\":\"fr-FR\",\"@id\":\"https:\\\/\\\/www.rutadelascasastipicasrd.com\\\/index.php\\\/es\\\/reservas\\\/#primaryimage\",\"url\":\"https:\\\/\\\/www.rutadelascasastipicasrd.com\\\/wp-content\\\/uploads\\\/2022\\\/06\\\/GUAGUA-avec-logo-La-Ruta-de-las-Casas-Tipicas.jpg\",\"contentUrl\":\"https:\\\/\\\/www.rutadelascasastipicasrd.com\\\/wp-content\\\/uploads\\\/2022\\\/06\\\/GUAGUA-avec-logo-La-Ruta-de-las-Casas-Tipicas.jpg\",\"width\":1920,\"height\":1080,\"caption\":\"guagua de excursion ruta de las casas tipicas las galeras samana\"},{\"@type\":\"BreadcrumbList\",\"@id\":\"https:\\\/\\\/www.rutadelascasastipicasrd.com\\\/index.php\\\/es\\\/reservas\\\/#breadcrumb\",\"itemListElement\":[{\"@type\":\"ListItem\",\"position\":1,\"name\":\"Home\",\"item\":\"https:\\\/\\\/www.rutadelascasastipicasrd.com\\\/index.php\\\/es\\\/inicio\\\/\"},{\"@type\":\"ListItem\",\"position\":2,\"name\":\"Reservar un Tour Oficial\"}]},{\"@type\":\"WebSite\",\"@id\":\"https:\\\/\\\/www.rutadelascasastipicasrd.com\\\/#website\",\"url\":\"https:\\\/\\\/www.rutadelascasastipicasrd.com\\\/\",\"name\":\"La Ruta de las Casas T\u00edpicas\",\"description\":\"Rep\u00fablica Dominicana\",\"publisher\":{\"@id\":\"https:\\\/\\\/www.rutadelascasastipicasrd.com\\\/#organization\"},\"potentialAction\":[{\"@type\":\"SearchAction\",\"target\":{\"@type\":\"EntryPoint\",\"urlTemplate\":\"https:\\\/\\\/www.rutadelascasastipicasrd.com\\\/?s={search_term_string}\"},\"query-input\":{\"@type\":\"PropertyValueSpecification\",\"valueRequired\":true,\"valueName\":\"search_term_string\"}}],\"inLanguage\":\"fr-FR\"},{\"@type\":\"Organization\",\"@id\":\"https:\\\/\\\/www.rutadelascasastipicasrd.com\\\/#organization\",\"name\":\"La Ruta de las Casas T\u00edpicas\",\"url\":\"https:\\\/\\\/www.rutadelascasastipicasrd.com\\\/\",\"logo\":{\"@type\":\"ImageObject\",\"inLanguage\":\"fr-FR\",\"@id\":\"https:\\\/\\\/www.rutadelascasastipicasrd.com\\\/#\\\/schema\\\/logo\\\/image\\\/\",\"url\":\"https:\\\/\\\/www.rutadelascasastipicasrd.com\\\/wp-content\\\/uploads\\\/2024\\\/02\\\/cropped-2024-Ruta-de-las-casas-tipicas-fondo-transparente.png\",\"contentUrl\":\"https:\\\/\\\/www.rutadelascasastipicasrd.com\\\/wp-content\\\/uploads\\\/2024\\\/02\\\/cropped-2024-Ruta-de-las-casas-tipicas-fondo-transparente.png\",\"width\":1563,\"height\":1563,\"caption\":\"La Ruta de las Casas T\u00edpicas\"},\"image\":{\"@id\":\"https:\\\/\\\/www.rutadelascasastipicasrd.com\\\/#\\\/schema\\\/logo\\\/image\\\/\"}}]}<\/script>\n<!-- \/ Yoast SEO plugin. -->","yoast_head_json":{"title":"Reservar un Tour Oficial - La Ruta de las Casas T\u00edpicas","description":"Reserva tu excursi\u00f3n para la Ruta de las Casas T\u00edpicas en Las Galeras, Saman\u00e1. Horarios y precios para hacer el circuito en guagua t\u00edpica.","robots":{"index":"index","follow":"follow","max-snippet":"max-snippet:-1","max-image-preview":"max-image-preview:large","max-video-preview":"max-video-preview:-1"},"canonical":"https:\/\/www.rutadelascasastipicasrd.com\/index.php\/es\/reservas\/","og_locale":"fr_FR","og_type":"article","og_title":"Reservar un Tour Oficial - La Ruta de las Casas T\u00edpicas","og_description":"Reserva tu excursi\u00f3n para la Ruta de las Casas T\u00edpicas en Las Galeras, Saman\u00e1. Horarios y precios para hacer el circuito en guagua t\u00edpica.","og_url":"https:\/\/www.rutadelascasastipicasrd.com\/index.php\/es\/reservas\/","og_site_name":"La Ruta de las Casas T\u00edpicas","article_modified_time":"2026-01-05T23:28:35+00:00","og_image":[{"width":1920,"height":1080,"url":"https:\/\/www.rutadelascasastipicasrd.com\/wp-content\/uploads\/2022\/06\/GUAGUA-avec-logo-La-Ruta-de-las-Casas-Tipicas.jpg","type":"image\/jpeg"}],"twitter_card":"summary_large_image","twitter_misc":{"Dur\u00e9e de lecture estim\u00e9e":"4 minutes"},"schema":{"@context":"https:\/\/schema.org","@graph":[{"@type":"WebPage","@id":"https:\/\/www.rutadelascasastipicasrd.com\/index.php\/es\/reservas\/","url":"https:\/\/www.rutadelascasastipicasrd.com\/index.php\/es\/reservas\/","name":"Reservar un Tour Oficial - La Ruta de las Casas T\u00edpicas","isPartOf":{"@id":"https:\/\/www.rutadelascasastipicasrd.com\/#website"},"primaryImageOfPage":{"@id":"https:\/\/www.rutadelascasastipicasrd.com\/index.php\/es\/reservas\/#primaryimage"},"image":{"@id":"https:\/\/www.rutadelascasastipicasrd.com\/index.php\/es\/reservas\/#primaryimage"},"thumbnailUrl":"https:\/\/www.rutadelascasastipicasrd.com\/wp-content\/uploads\/2022\/06\/GUAGUA-avec-logo-La-Ruta-de-las-Casas-Tipicas.jpg","datePublished":"2022-06-17T22:20:00+00:00","dateModified":"2026-01-05T23:28:35+00:00","description":"Reserva tu excursi\u00f3n para la Ruta de las Casas T\u00edpicas en Las Galeras, Saman\u00e1. Horarios y precios para hacer el circuito en guagua t\u00edpica.","breadcrumb":{"@id":"https:\/\/www.rutadelascasastipicasrd.com\/index.php\/es\/reservas\/#breadcrumb"},"inLanguage":"fr-FR","potentialAction":[{"@type":"ReadAction","target":["https:\/\/www.rutadelascasastipicasrd.com\/index.php\/es\/reservas\/"]}]},{"@type":"ImageObject","inLanguage":"fr-FR","@id":"https:\/\/www.rutadelascasastipicasrd.com\/index.php\/es\/reservas\/#primaryimage","url":"https:\/\/www.rutadelascasastipicasrd.com\/wp-content\/uploads\/2022\/06\/GUAGUA-avec-logo-La-Ruta-de-las-Casas-Tipicas.jpg","contentUrl":"https:\/\/www.rutadelascasastipicasrd.com\/wp-content\/uploads\/2022\/06\/GUAGUA-avec-logo-La-Ruta-de-las-Casas-Tipicas.jpg","width":1920,"height":1080,"caption":"guagua de excursion ruta de las casas tipicas las galeras samana"},{"@type":"BreadcrumbList","@id":"https:\/\/www.rutadelascasastipicasrd.com\/index.php\/es\/reservas\/#breadcrumb","itemListElement":[{"@type":"ListItem","position":1,"name":"Home","item":"https:\/\/www.rutadelascasastipicasrd.com\/index.php\/es\/inicio\/"},{"@type":"ListItem","position":2,"name":"Reservar un Tour Oficial"}]},{"@type":"WebSite","@id":"https:\/\/www.rutadelascasastipicasrd.com\/#website","url":"https:\/\/www.rutadelascasastipicasrd.com\/","name":"La Ruta de las Casas T\u00edpicas","description":"Rep\u00fablica Dominicana","publisher":{"@id":"https:\/\/www.rutadelascasastipicasrd.com\/#organization"},"potentialAction":[{"@type":"SearchAction","target":{"@type":"EntryPoint","urlTemplate":"https:\/\/www.rutadelascasastipicasrd.com\/?s={search_term_string}"},"query-input":{"@type":"PropertyValueSpecification","valueRequired":true,"valueName":"search_term_string"}}],"inLanguage":"fr-FR"},{"@type":"Organization","@id":"https:\/\/www.rutadelascasastipicasrd.com\/#organization","name":"La Ruta de las Casas T\u00edpicas","url":"https:\/\/www.rutadelascasastipicasrd.com\/","logo":{"@type":"ImageObject","inLanguage":"fr-FR","@id":"https:\/\/www.rutadelascasastipicasrd.com\/#\/schema\/logo\/image\/","url":"https:\/\/www.rutadelascasastipicasrd.com\/wp-content\/uploads\/2024\/02\/cropped-2024-Ruta-de-las-casas-tipicas-fondo-transparente.png","contentUrl":"https:\/\/www.rutadelascasastipicasrd.com\/wp-content\/uploads\/2024\/02\/cropped-2024-Ruta-de-las-casas-tipicas-fondo-transparente.png","width":1563,"height":1563,"caption":"La Ruta de las Casas T\u00edpicas"},"image":{"@id":"https:\/\/www.rutadelascasastipicasrd.com\/#\/schema\/logo\/image\/"}}]}},"jetpack_sharing_enabled":true,"_links":{"self":[{"href":"https:\/\/www.rutadelascasastipicasrd.com\/index.php\/wp-json\/wp\/v2\/pages\/174","targetHints":{"allow":["GET"]}}],"collection":[{"href":"https:\/\/www.rutadelascasastipicasrd.com\/index.php\/wp-json\/wp\/v2\/pages"}],"about":[{"href":"https:\/\/www.rutadelascasastipicasrd.com\/index.php\/wp-json\/wp\/v2\/types\/page"}],"author":[{"embeddable":true,"href":"https:\/\/www.rutadelascasastipicasrd.com\/index.php\/wp-json\/wp\/v2\/users\/1"}],"replies":[{"embeddable":true,"href":"https:\/\/www.rutadelascasastipicasrd.com\/index.php\/wp-json\/wp\/v2\/comments?post=174"}],"version-history":[{"count":32,"href":"https:\/\/www.rutadelascasastipicasrd.com\/index.php\/wp-json\/wp\/v2\/pages\/174\/revisions"}],"predecessor-version":[{"id":1008,"href":"https:\/\/www.rutadelascasastipicasrd.com\/index.php\/wp-json\/wp\/v2\/pages\/174\/revisions\/1008"}],"wp:featuredmedia":[{"embeddable":true,"href":"https:\/\/www.rutadelascasastipicasrd.com\/index.php\/wp-json\/wp\/v2\/media\/175"}],"wp:attachment":[{"href":"https:\/\/www.rutadelascasastipicasrd.com\/index.php\/wp-json\/wp\/v2\/media?parent=174"}],"curies":[{"name":"wp","href":"https:\/\/api.w.org\/{rel}","templated":true}]}}