{"id":183,"date":"2022-06-18T23:25:44","date_gmt":"2022-06-18T21:25:44","guid":{"rendered":"https:\/\/travelloversrd.com\/?page_id=183"},"modified":"2023-11-01T19:52:11","modified_gmt":"2023-11-01T23:52:11","slug":"concurso-de-la-casa-tipica-mas-bella","status":"publish","type":"page","link":"https:\/\/www.rutadelascasastipicasrd.com\/index.php\/es\/concurso-de-la-casa-tipica-mas-bella\/","title":{"rendered":"Concurso de la casa t\u00edpica favorita"},"content":{"rendered":"\n<p>Cada a\u00f1o, el concurso de <strong>La Ruta de las Casas T\u00edpicas<\/strong> <strong>permite designar y recompensar las casas favoritas del recorrido<\/strong>.<br><em>Una parte de los beneficios del Tour as\u00ed como las contribuciones de nuestros patrocinadores permiten regalar los premios del concurso y as\u00ed mantener la belleza de las casas t\u00edpicas.<\/em> <br>Su apoyo<\/p>\n\n\n\n<h3 class=\"has-text-align-center wp-block-heading\" style=\"font-size:25px\"><strong>FECHAS DEL CONCURSO 2023 <br>del 1<sup>ero<\/sup> al 31 de octubre<\/strong><\/h3>\n\n\n\n<p>Cada a\u00f1o en el m\u00e9s de octubre, se realizar\u00e1 un concurso entre todas las casas participantes de la Ruta con diferentes premios.<\/p>\n\n\n\n<ul class=\"wp-block-list\"><li>El <strong>PRIMER PREMIO ser\u00e1 designado por el Jurado profesional<\/strong><\/li><li>El <strong>SEGUNDO PREMIO ser\u00e1 designado por el publico a trav\u00e9s de Instagram<\/strong><\/li><li>El <strong>TERCER PREMIO ser\u00e1 designado por el sorteo<\/strong><\/li><li>El <strong>QUARTO<\/strong> <strong>PREMIO ser\u00e1 <strong>designado por el Jurado profesional<\/strong><\/strong> como <strong>\u00ab\u00a0Menci\u00f3n Especial<\/strong>\u00ab\u00a0<\/li><\/ul>\n\n\n\n<p><\/p>\n\n\n\n<h3 class=\"wp-block-heading\"><strong>El Jurado<\/strong> <strong>Profesional<\/strong><\/h3>\n\n\n\n<p>El 31 de octubre, el <strong>Jurado Profesional<\/strong> compuesto de 2 arquitectos expertos en <strong>arquitectura popular Dominicana<\/strong> designar\u00e1 la(s) casa(s) que recibir\u00e1(n) el \u00ab\u00a0<strong>Premio del Jurado<\/strong> <strong>Profesional<\/strong>\u00a0\u00bb para el a\u00f1o en curso.<\/p>\n\n\n\n<p>El <strong>jurado <\/strong>profesional es compuesto de <strong>destacados especialistas de la arquitectura popular Dominicana<\/strong> que designar\u00e1 cada a\u00f1o la(s) casas que por su componentes merecen toda la atenci\u00f3n. <\/p>\n\n\n\n<figure class=\"wp-block-gallery has-nested-images columns-default is-cropped wp-block-gallery-1 is-layout-flex wp-block-gallery-is-layout-flex\">\n<figure class=\"wp-block-image size-large\"><img loading=\"lazy\" decoding=\"async\" width=\"1024\" height=\"1024\" data-id=\"186\" src=\"https:\/\/www.rutadelascasastipicasrd.com\/wp-content\/uploads\/2022\/06\/Jose-Enrique-Delmonte-1-1024x1024.jpg\" alt=\"\" class=\"wp-image-186\" srcset=\"https:\/\/www.rutadelascasastipicasrd.com\/wp-content\/uploads\/2022\/06\/Jose-Enrique-Delmonte-1-1024x1024.jpg 1024w, https:\/\/www.rutadelascasastipicasrd.com\/wp-content\/uploads\/2022\/06\/Jose-Enrique-Delmonte-1-300x300.jpg 300w, https:\/\/www.rutadelascasastipicasrd.com\/wp-content\/uploads\/2022\/06\/Jose-Enrique-Delmonte-1-150x150.jpg 150w, https:\/\/www.rutadelascasastipicasrd.com\/wp-content\/uploads\/2022\/06\/Jose-Enrique-Delmonte-1-768x768.jpg 768w, https:\/\/www.rutadelascasastipicasrd.com\/wp-content\/uploads\/2022\/06\/Jose-Enrique-Delmonte-1-100x100.jpg 100w, https:\/\/www.rutadelascasastipicasrd.com\/wp-content\/uploads\/2022\/06\/Jose-Enrique-Delmonte-1.jpg 1080w\" sizes=\"auto, (max-width: 767px) 89vw, (max-width: 1000px) 54vw, (max-width: 1071px) 543px, 580px\" \/><\/figure>\n\n\n\n<figure class=\"wp-block-image size-large\"><img loading=\"lazy\" decoding=\"async\" width=\"1024\" height=\"1024\" data-id=\"187\" src=\"https:\/\/www.rutadelascasastipicasrd.com\/wp-content\/uploads\/2022\/06\/Victor-DURAN-1-1024x1024.jpg\" alt=\"\" class=\"wp-image-187\" srcset=\"https:\/\/www.rutadelascasastipicasrd.com\/wp-content\/uploads\/2022\/06\/Victor-DURAN-1-1024x1024.jpg 1024w, https:\/\/www.rutadelascasastipicasrd.com\/wp-content\/uploads\/2022\/06\/Victor-DURAN-1-300x300.jpg 300w, https:\/\/www.rutadelascasastipicasrd.com\/wp-content\/uploads\/2022\/06\/Victor-DURAN-1-150x150.jpg 150w, https:\/\/www.rutadelascasastipicasrd.com\/wp-content\/uploads\/2022\/06\/Victor-DURAN-1-768x768.jpg 768w, https:\/\/www.rutadelascasastipicasrd.com\/wp-content\/uploads\/2022\/06\/Victor-DURAN-1-100x100.jpg 100w, https:\/\/www.rutadelascasastipicasrd.com\/wp-content\/uploads\/2022\/06\/Victor-DURAN-1.jpg 1080w\" sizes=\"auto, (max-width: 767px) 89vw, (max-width: 1000px) 54vw, (max-width: 1071px) 543px, 580px\" \/><\/figure>\n<\/figure>\n\n\n\n<p><strong>Jos\u00e9 Enrique Delmonte<\/strong> <strong>So\u00f1\u00e9 <\/strong>es editor de la \u00ab\u00a0<strong>Gu\u00eda de Arquitectura de Santo Domingo<\/strong>\u00a0\u00bb y del libro \u00ab\u00a0<strong>60 a\u00f1os edificados. Memorias para la construcci\u00f3n de la naci\u00f3n<\/strong>\u00ab\u00a0. Coautor del libro \u00ab\u00a0<strong>Historias para la construcci\u00f3n de la arquitectura dominicana<\/strong>\u00ab\u00a0.<\/p>\n\n\n\n<p style=\"font-style:normal;font-weight:400\"><strong>Victor Manuel Dur\u00e1n Nu\u00f1ez<\/strong> es autor de los hermosos libros<strong> \u00ab\u00a0<a href=\"https:\/\/amzn.to\/3y0iE26\" target=\"_blank\" rel=\"noreferrer noopener sponsored nofollow\">Arquitectura Popular Dominicana\u00a0\u00bb<\/a> y <a href=\"https:\/\/amzn.to\/3HxWjvW\" target=\"_blank\" rel=\"noreferrer noopener sponsored nofollow\"> \u00ab\u00a0Artesan\u00eda Dominicana, un arte popular<\/a>\u00ab\u00a0<\/strong><em> (dale click a cada t\u00edtulo para comprar ahora).<\/em><\/p>\n\n\n\n<h3 class=\"wp-block-heading\"><strong>Premio del P\u00fablico<\/strong> <strong>por Instagram<\/strong><\/h3>\n\n\n\n<p>Durante el mes de octubre, los seguidores de la cuenta de Instagram podr\u00e1n votar por <strong>sus casas favoritas<\/strong> en la <a href=\"https:\/\/www.instagram.com\/rutadelascasastipicasrd\/\" target=\"_blank\" rel=\"noreferrer noopener\"><strong>p\u00e1gina Instagram<\/strong> de <strong>La Ruta de las Casas T\u00edpicas<\/strong><\/a>.<\/p>\n\n\n\n<p>La foto de la casas t\u00edpica que obtenga la mayor cantidad de \u00ab\u00a0likes\u00a0\u00bb (\u00ab\u00a0me gusta\u00a0\u00bb) al final del concurso (el 31 de octubre a las 12pm) ser\u00e1 designada c\u00f3mo <strong>la \u00ab\u00a0Casa t\u00edpica favorita del p\u00fablico\u00a0\u00bb <\/strong>para el a\u00f1o  en curso. <br><strong>S\u00f3lo los votos de los seguidores de la cuenta ser\u00e1n contabilizados<\/strong> y en caso de igualdad entre dos casas, la que tenga la mayor cantidad de comentarios ser\u00e1 declarada ganadora.<\/p>\n\n\n\n<p>\ud83d\udc49 \u00bfC\u00f3mo participar?<\/p>\n\n\n\n<p>\u2611 SIGUE NUESTRA CUENTA DE INSTAGRAM&nbsp;<a href=\"https:\/\/www.instagram.com\/rutadelascasastipicasrd\/\">@rutadelascasastipicasrd<\/a><\/p>\n\n\n\n<p>\u2611 Haz doble clic en \u2764 en la foto de tu casa favorita<\/p>\n\n\n\n<p>\u2795 Tambi\u00e9n puedes dejar un comentario para explicar tu elecci\u00f3n \ud83c\udfe1\ud83d\udc9a<\/p>\n\n\n\n<h2 class=\"wp-block-heading\" style=\"font-size:30px\">Recompensas<\/h2>\n\n\n\n<p><strong>Los<\/strong> <strong>Premios del concurso ser\u00e1n constituidos de BONOS DE VALOR para <\/strong>renovar y conservar su casa t\u00edpica en las mejores condiciones (pintura, madera, clavos, zinc entre otros), seg\u00fan los aportes de los patrocinadores y los beneficios generados por las actividades de La Organizaci\u00f3n \u00ab\u00a0\u00a0\u00bbRuta de las casas t\u00edpicas\u00a0\u00bb.<\/p>\n\n\n\n<p>El valor de los bonos ser\u00e1 anunciado antes del final del concurso. <br>El material de renovaci\u00f3n ser\u00e1 comprado junto con La Organizaci\u00f3n y deber\u00e1 <strong>exclusivamente servir para la casa premiada y ser utilizado en los 6 meses<\/strong> que siguen el concurso.<\/p>\n\n\n\n<p>De manera en ofrecer una exposici\u00f3n y chances para todas las casas participantes, todas las casas de La Ruta participar\u00e1n en cada concurso anual, pero no podr\u00e1n volver a ganar un premio durante los 2 a\u00f1os siguientes a su premiaci\u00f3n.<\/p>\n\n\n\n<p><a href=\"https:\/\/www.rutadelascasastipicasrd.com\/index.php\/reglamento-del-concurso\/\" target=\"_blank\" rel=\"noreferrer noopener\">Ver el Reglamento del Concurso<\/a><\/p>\n\n\n\n<p>Sigue nuestra <a href=\"https:\/\/www.instagram.com\/rutadelascasastipicasrd\/\" target=\"_blank\" rel=\"noreferrer noopener\">cuenta de Instagram<\/a> y participa en la votaci\u00f3n anual para elegir tu casa favorita de la ruta!<\/p>\n","protected":false},"excerpt":{"rendered":"<p>Cada a\u00f1o, el concurso de La Ruta de las Casas T\u00edpicas permite designar y recompensar las casas favoritas del recorrido.Una parte de los beneficios del Tour as\u00ed como las contribuciones de nuestros patrocinadores permiten regalar los premios del concurso y as\u00ed mantener la belleza de las casas t\u00edpicas. Su apoyo FECHAS DEL CONCURSO 2023 del &hellip; <\/p>\n<p class=\"link-more\"><a href=\"https:\/\/www.rutadelascasastipicasrd.com\/index.php\/es\/concurso-de-la-casa-tipica-mas-bella\/\" class=\"more-link\">Continuer la lecture<span class=\"screen-reader-text\"> de &laquo;&nbsp;Concurso de la casa t\u00edpica favorita&nbsp;&raquo;<\/span><\/a><\/p>\n","protected":false},"author":1,"featured_media":0,"parent":0,"menu_order":0,"comment_status":"closed","ping_status":"closed","template":"","meta":{"footnotes":""},"class_list":["post-183","page","type-page","status-publish","hentry"],"yoast_head":"<!-- This site is optimized with the Yoast SEO plugin v27.4 - https:\/\/yoast.com\/product\/yoast-seo-wordpress\/ -->\n<title>Concurso de la casa t\u00edpica favorita - La Ruta de las Casas T\u00edpicas<\/title>\n<meta name=\"description\" content=\"Cada a\u00f1o, el concurso de La Ruta de las Casas T\u00edpicas recompensa las casas favoritas del recorrido. Descubre la Ruta en Las Galeras, Saman\u00e1\" \/>\n<meta name=\"robots\" content=\"index, follow, max-snippet:-1, max-image-preview:large, max-video-preview:-1\" \/>\n<link rel=\"canonical\" href=\"https:\/\/www.rutadelascasastipicasrd.com\/index.php\/es\/concurso-de-la-casa-tipica-mas-bella\/\" \/>\n<meta property=\"og:locale\" content=\"fr_FR\" \/>\n<meta property=\"og:type\" content=\"article\" \/>\n<meta property=\"og:title\" content=\"Concurso de la casa t\u00edpica favorita - La Ruta de las Casas T\u00edpicas\" \/>\n<meta property=\"og:description\" content=\"Cada a\u00f1o, el concurso de La Ruta de las Casas T\u00edpicas recompensa las casas favoritas del recorrido. Descubre la Ruta en Las Galeras, Saman\u00e1\" \/>\n<meta property=\"og:url\" content=\"https:\/\/www.rutadelascasastipicasrd.com\/index.php\/es\/concurso-de-la-casa-tipica-mas-bella\/\" \/>\n<meta property=\"og:site_name\" content=\"La Ruta de las Casas T\u00edpicas\" \/>\n<meta property=\"article:modified_time\" content=\"2023-11-01T23:52:11+00:00\" \/>\n<meta property=\"og:image\" content=\"https:\/\/www.rutadelascasastipicasrd.com\/wp-content\/uploads\/2022\/06\/Jose-Enrique-Delmonte-1-1024x1024.jpg\" \/>\n<meta name=\"twitter:card\" content=\"summary_large_image\" \/>\n<meta name=\"twitter:label1\" content=\"Dur\u00e9e de lecture estim\u00e9e\" \/>\n\t<meta name=\"twitter:data1\" content=\"4 minutes\" \/>\n<script type=\"application\/ld+json\" class=\"yoast-schema-graph\">{\"@context\":\"https:\\\/\\\/schema.org\",\"@graph\":[{\"@type\":\"WebPage\",\"@id\":\"https:\\\/\\\/www.rutadelascasastipicasrd.com\\\/index.php\\\/es\\\/concurso-de-la-casa-tipica-mas-bella\\\/\",\"url\":\"https:\\\/\\\/www.rutadelascasastipicasrd.com\\\/index.php\\\/es\\\/concurso-de-la-casa-tipica-mas-bella\\\/\",\"name\":\"Concurso de la casa t\u00edpica favorita - La Ruta de las Casas T\u00edpicas\",\"isPartOf\":{\"@id\":\"https:\\\/\\\/www.rutadelascasastipicasrd.com\\\/#website\"},\"primaryImageOfPage\":{\"@id\":\"https:\\\/\\\/www.rutadelascasastipicasrd.com\\\/index.php\\\/es\\\/concurso-de-la-casa-tipica-mas-bella\\\/#primaryimage\"},\"image\":{\"@id\":\"https:\\\/\\\/www.rutadelascasastipicasrd.com\\\/index.php\\\/es\\\/concurso-de-la-casa-tipica-mas-bella\\\/#primaryimage\"},\"thumbnailUrl\":\"https:\\\/\\\/www.rutadelascasastipicasrd.com\\\/wp-content\\\/uploads\\\/2022\\\/06\\\/Jose-Enrique-Delmonte-1-1024x1024.jpg\",\"datePublished\":\"2022-06-18T21:25:44+00:00\",\"dateModified\":\"2023-11-01T23:52:11+00:00\",\"description\":\"Cada a\u00f1o, el concurso de La Ruta de las Casas T\u00edpicas recompensa las casas favoritas del recorrido. Descubre la Ruta en Las Galeras, Saman\u00e1\",\"breadcrumb\":{\"@id\":\"https:\\\/\\\/www.rutadelascasastipicasrd.com\\\/index.php\\\/es\\\/concurso-de-la-casa-tipica-mas-bella\\\/#breadcrumb\"},\"inLanguage\":\"fr-FR\",\"potentialAction\":[{\"@type\":\"ReadAction\",\"target\":[\"https:\\\/\\\/www.rutadelascasastipicasrd.com\\\/index.php\\\/es\\\/concurso-de-la-casa-tipica-mas-bella\\\/\"]}]},{\"@type\":\"ImageObject\",\"inLanguage\":\"fr-FR\",\"@id\":\"https:\\\/\\\/www.rutadelascasastipicasrd.com\\\/index.php\\\/es\\\/concurso-de-la-casa-tipica-mas-bella\\\/#primaryimage\",\"url\":\"https:\\\/\\\/www.rutadelascasastipicasrd.com\\\/wp-content\\\/uploads\\\/2022\\\/06\\\/Jose-Enrique-Delmonte-1.jpg\",\"contentUrl\":\"https:\\\/\\\/www.rutadelascasastipicasrd.com\\\/wp-content\\\/uploads\\\/2022\\\/06\\\/Jose-Enrique-Delmonte-1.jpg\",\"width\":1080,\"height\":1080},{\"@type\":\"BreadcrumbList\",\"@id\":\"https:\\\/\\\/www.rutadelascasastipicasrd.com\\\/index.php\\\/es\\\/concurso-de-la-casa-tipica-mas-bella\\\/#breadcrumb\",\"itemListElement\":[{\"@type\":\"ListItem\",\"position\":1,\"name\":\"Home\",\"item\":\"https:\\\/\\\/www.rutadelascasastipicasrd.com\\\/index.php\\\/es\\\/inicio\\\/\"},{\"@type\":\"ListItem\",\"position\":2,\"name\":\"Concurso de la casa t\u00edpica favorita\"}]},{\"@type\":\"WebSite\",\"@id\":\"https:\\\/\\\/www.rutadelascasastipicasrd.com\\\/#website\",\"url\":\"https:\\\/\\\/www.rutadelascasastipicasrd.com\\\/\",\"name\":\"La Ruta de las Casas T\u00edpicas\",\"description\":\"Rep\u00fablica Dominicana\",\"publisher\":{\"@id\":\"https:\\\/\\\/www.rutadelascasastipicasrd.com\\\/#organization\"},\"potentialAction\":[{\"@type\":\"SearchAction\",\"target\":{\"@type\":\"EntryPoint\",\"urlTemplate\":\"https:\\\/\\\/www.rutadelascasastipicasrd.com\\\/?s={search_term_string}\"},\"query-input\":{\"@type\":\"PropertyValueSpecification\",\"valueRequired\":true,\"valueName\":\"search_term_string\"}}],\"inLanguage\":\"fr-FR\"},{\"@type\":\"Organization\",\"@id\":\"https:\\\/\\\/www.rutadelascasastipicasrd.com\\\/#organization\",\"name\":\"La Ruta de las Casas T\u00edpicas\",\"url\":\"https:\\\/\\\/www.rutadelascasastipicasrd.com\\\/\",\"logo\":{\"@type\":\"ImageObject\",\"inLanguage\":\"fr-FR\",\"@id\":\"https:\\\/\\\/www.rutadelascasastipicasrd.com\\\/#\\\/schema\\\/logo\\\/image\\\/\",\"url\":\"https:\\\/\\\/www.rutadelascasastipicasrd.com\\\/wp-content\\\/uploads\\\/2024\\\/02\\\/cropped-2024-Ruta-de-las-casas-tipicas-fondo-transparente.png\",\"contentUrl\":\"https:\\\/\\\/www.rutadelascasastipicasrd.com\\\/wp-content\\\/uploads\\\/2024\\\/02\\\/cropped-2024-Ruta-de-las-casas-tipicas-fondo-transparente.png\",\"width\":1563,\"height\":1563,\"caption\":\"La Ruta de las Casas T\u00edpicas\"},\"image\":{\"@id\":\"https:\\\/\\\/www.rutadelascasastipicasrd.com\\\/#\\\/schema\\\/logo\\\/image\\\/\"}}]}<\/script>\n<!-- \/ Yoast SEO plugin. -->","yoast_head_json":{"title":"Concurso de la casa t\u00edpica favorita - La Ruta de las Casas T\u00edpicas","description":"Cada a\u00f1o, el concurso de La Ruta de las Casas T\u00edpicas recompensa las casas favoritas del recorrido. Descubre la Ruta en Las Galeras, Saman\u00e1","robots":{"index":"index","follow":"follow","max-snippet":"max-snippet:-1","max-image-preview":"max-image-preview:large","max-video-preview":"max-video-preview:-1"},"canonical":"https:\/\/www.rutadelascasastipicasrd.com\/index.php\/es\/concurso-de-la-casa-tipica-mas-bella\/","og_locale":"fr_FR","og_type":"article","og_title":"Concurso de la casa t\u00edpica favorita - La Ruta de las Casas T\u00edpicas","og_description":"Cada a\u00f1o, el concurso de La Ruta de las Casas T\u00edpicas recompensa las casas favoritas del recorrido. Descubre la Ruta en Las Galeras, Saman\u00e1","og_url":"https:\/\/www.rutadelascasastipicasrd.com\/index.php\/es\/concurso-de-la-casa-tipica-mas-bella\/","og_site_name":"La Ruta de las Casas T\u00edpicas","article_modified_time":"2023-11-01T23:52:11+00:00","og_image":[{"url":"https:\/\/www.rutadelascasastipicasrd.com\/wp-content\/uploads\/2022\/06\/Jose-Enrique-Delmonte-1-1024x1024.jpg","type":"","width":"","height":""}],"twitter_card":"summary_large_image","twitter_misc":{"Dur\u00e9e de lecture estim\u00e9e":"4 minutes"},"schema":{"@context":"https:\/\/schema.org","@graph":[{"@type":"WebPage","@id":"https:\/\/www.rutadelascasastipicasrd.com\/index.php\/es\/concurso-de-la-casa-tipica-mas-bella\/","url":"https:\/\/www.rutadelascasastipicasrd.com\/index.php\/es\/concurso-de-la-casa-tipica-mas-bella\/","name":"Concurso de la casa t\u00edpica favorita - La Ruta de las Casas T\u00edpicas","isPartOf":{"@id":"https:\/\/www.rutadelascasastipicasrd.com\/#website"},"primaryImageOfPage":{"@id":"https:\/\/www.rutadelascasastipicasrd.com\/index.php\/es\/concurso-de-la-casa-tipica-mas-bella\/#primaryimage"},"image":{"@id":"https:\/\/www.rutadelascasastipicasrd.com\/index.php\/es\/concurso-de-la-casa-tipica-mas-bella\/#primaryimage"},"thumbnailUrl":"https:\/\/www.rutadelascasastipicasrd.com\/wp-content\/uploads\/2022\/06\/Jose-Enrique-Delmonte-1-1024x1024.jpg","datePublished":"2022-06-18T21:25:44+00:00","dateModified":"2023-11-01T23:52:11+00:00","description":"Cada a\u00f1o, el concurso de La Ruta de las Casas T\u00edpicas recompensa las casas favoritas del recorrido. Descubre la Ruta en Las Galeras, Saman\u00e1","breadcrumb":{"@id":"https:\/\/www.rutadelascasastipicasrd.com\/index.php\/es\/concurso-de-la-casa-tipica-mas-bella\/#breadcrumb"},"inLanguage":"fr-FR","potentialAction":[{"@type":"ReadAction","target":["https:\/\/www.rutadelascasastipicasrd.com\/index.php\/es\/concurso-de-la-casa-tipica-mas-bella\/"]}]},{"@type":"ImageObject","inLanguage":"fr-FR","@id":"https:\/\/www.rutadelascasastipicasrd.com\/index.php\/es\/concurso-de-la-casa-tipica-mas-bella\/#primaryimage","url":"https:\/\/www.rutadelascasastipicasrd.com\/wp-content\/uploads\/2022\/06\/Jose-Enrique-Delmonte-1.jpg","contentUrl":"https:\/\/www.rutadelascasastipicasrd.com\/wp-content\/uploads\/2022\/06\/Jose-Enrique-Delmonte-1.jpg","width":1080,"height":1080},{"@type":"BreadcrumbList","@id":"https:\/\/www.rutadelascasastipicasrd.com\/index.php\/es\/concurso-de-la-casa-tipica-mas-bella\/#breadcrumb","itemListElement":[{"@type":"ListItem","position":1,"name":"Home","item":"https:\/\/www.rutadelascasastipicasrd.com\/index.php\/es\/inicio\/"},{"@type":"ListItem","position":2,"name":"Concurso de la casa t\u00edpica favorita"}]},{"@type":"WebSite","@id":"https:\/\/www.rutadelascasastipicasrd.com\/#website","url":"https:\/\/www.rutadelascasastipicasrd.com\/","name":"La Ruta de las Casas T\u00edpicas","description":"Rep\u00fablica Dominicana","publisher":{"@id":"https:\/\/www.rutadelascasastipicasrd.com\/#organization"},"potentialAction":[{"@type":"SearchAction","target":{"@type":"EntryPoint","urlTemplate":"https:\/\/www.rutadelascasastipicasrd.com\/?s={search_term_string}"},"query-input":{"@type":"PropertyValueSpecification","valueRequired":true,"valueName":"search_term_string"}}],"inLanguage":"fr-FR"},{"@type":"Organization","@id":"https:\/\/www.rutadelascasastipicasrd.com\/#organization","name":"La Ruta de las Casas T\u00edpicas","url":"https:\/\/www.rutadelascasastipicasrd.com\/","logo":{"@type":"ImageObject","inLanguage":"fr-FR","@id":"https:\/\/www.rutadelascasastipicasrd.com\/#\/schema\/logo\/image\/","url":"https:\/\/www.rutadelascasastipicasrd.com\/wp-content\/uploads\/2024\/02\/cropped-2024-Ruta-de-las-casas-tipicas-fondo-transparente.png","contentUrl":"https:\/\/www.rutadelascasastipicasrd.com\/wp-content\/uploads\/2024\/02\/cropped-2024-Ruta-de-las-casas-tipicas-fondo-transparente.png","width":1563,"height":1563,"caption":"La Ruta de las Casas T\u00edpicas"},"image":{"@id":"https:\/\/www.rutadelascasastipicasrd.com\/#\/schema\/logo\/image\/"}}]}},"jetpack_sharing_enabled":true,"_links":{"self":[{"href":"https:\/\/www.rutadelascasastipicasrd.com\/index.php\/wp-json\/wp\/v2\/pages\/183","targetHints":{"allow":["GET"]}}],"collection":[{"href":"https:\/\/www.rutadelascasastipicasrd.com\/index.php\/wp-json\/wp\/v2\/pages"}],"about":[{"href":"https:\/\/www.rutadelascasastipicasrd.com\/index.php\/wp-json\/wp\/v2\/types\/page"}],"author":[{"embeddable":true,"href":"https:\/\/www.rutadelascasastipicasrd.com\/index.php\/wp-json\/wp\/v2\/users\/1"}],"replies":[{"embeddable":true,"href":"https:\/\/www.rutadelascasastipicasrd.com\/index.php\/wp-json\/wp\/v2\/comments?post=183"}],"version-history":[{"count":27,"href":"https:\/\/www.rutadelascasastipicasrd.com\/index.php\/wp-json\/wp\/v2\/pages\/183\/revisions"}],"predecessor-version":[{"id":718,"href":"https:\/\/www.rutadelascasastipicasrd.com\/index.php\/wp-json\/wp\/v2\/pages\/183\/revisions\/718"}],"wp:attachment":[{"href":"https:\/\/www.rutadelascasastipicasrd.com\/index.php\/wp-json\/wp\/v2\/media?parent=183"}],"curies":[{"name":"wp","href":"https:\/\/api.w.org\/{rel}","templated":true}]}}