{"id":418,"date":"2022-07-04T16:55:30","date_gmt":"2022-07-04T20:55:30","guid":{"rendered":"https:\/\/www.rutadelascasastipicasrd.com\/?page_id=418"},"modified":"2022-10-31T16:52:08","modified_gmt":"2022-10-31T20:52:08","slug":"annual-contest","status":"publish","type":"page","link":"https:\/\/www.rutadelascasastipicasrd.com\/index.php\/en\/annual-contest\/","title":{"rendered":"Annual Contest"},"content":{"rendered":"\n<p>Every year, the Ruta de las Casas T\u00edpicas competition is held to <strong>select the 3 favourite houses along the route.<\/strong><\/p>\n\n\n\n<h3 class=\"has-text-align-center wp-block-heading\" style=\"font-size:25px\"><strong>DATES FOR THE CONTEST &#8211; 2022 <br>from october 1st till 31st<\/strong><\/h3>\n\n\n\n<p>For one month, our followers will be able to <strong>vote for their favorite tipical house<\/strong> on the <a href=\"https:\/\/www.instagram.com\/rutadelascasastipicasrd\/\" target=\"_blank\" rel=\"noreferrer noopener nofollow\"><strong>Instagram account of La Ruta de las Casas T\u00edpicas<\/strong><\/a>.<\/p>\n\n\n\n<p>In parallel to the public vote, a jury composed of <strong>famous architects in Dominican will design THE house that deserves the Jury&rsquo;s honors<\/strong>.<\/p>\n\n\n\n<figure class=\"wp-block-gallery has-nested-images columns-default is-cropped wp-block-gallery-1 is-layout-flex wp-block-gallery-is-layout-flex\">\n<figure class=\"wp-block-image size-large\"><img loading=\"lazy\" decoding=\"async\" width=\"1024\" height=\"1024\" data-id=\"186\" src=\"https:\/\/www.rutadelascasastipicasrd.com\/wp-content\/uploads\/2022\/06\/Jose-Enrique-Delmonte-1-1024x1024.jpg\" alt=\"\" class=\"wp-image-186\" srcset=\"https:\/\/www.rutadelascasastipicasrd.com\/wp-content\/uploads\/2022\/06\/Jose-Enrique-Delmonte-1-1024x1024.jpg 1024w, https:\/\/www.rutadelascasastipicasrd.com\/wp-content\/uploads\/2022\/06\/Jose-Enrique-Delmonte-1-300x300.jpg 300w, https:\/\/www.rutadelascasastipicasrd.com\/wp-content\/uploads\/2022\/06\/Jose-Enrique-Delmonte-1-150x150.jpg 150w, https:\/\/www.rutadelascasastipicasrd.com\/wp-content\/uploads\/2022\/06\/Jose-Enrique-Delmonte-1-768x768.jpg 768w, https:\/\/www.rutadelascasastipicasrd.com\/wp-content\/uploads\/2022\/06\/Jose-Enrique-Delmonte-1-100x100.jpg 100w, https:\/\/www.rutadelascasastipicasrd.com\/wp-content\/uploads\/2022\/06\/Jose-Enrique-Delmonte-1.jpg 1080w\" sizes=\"auto, (max-width: 767px) 89vw, (max-width: 1000px) 54vw, (max-width: 1071px) 543px, 580px\" \/><\/figure>\n\n\n\n<figure class=\"wp-block-image size-large\"><img loading=\"lazy\" decoding=\"async\" width=\"1024\" height=\"1024\" data-id=\"187\" src=\"https:\/\/www.rutadelascasastipicasrd.com\/wp-content\/uploads\/2022\/06\/Victor-DURAN-1-1024x1024.jpg\" alt=\"\" class=\"wp-image-187\" srcset=\"https:\/\/www.rutadelascasastipicasrd.com\/wp-content\/uploads\/2022\/06\/Victor-DURAN-1-1024x1024.jpg 1024w, https:\/\/www.rutadelascasastipicasrd.com\/wp-content\/uploads\/2022\/06\/Victor-DURAN-1-300x300.jpg 300w, https:\/\/www.rutadelascasastipicasrd.com\/wp-content\/uploads\/2022\/06\/Victor-DURAN-1-150x150.jpg 150w, https:\/\/www.rutadelascasastipicasrd.com\/wp-content\/uploads\/2022\/06\/Victor-DURAN-1-768x768.jpg 768w, https:\/\/www.rutadelascasastipicasrd.com\/wp-content\/uploads\/2022\/06\/Victor-DURAN-1-100x100.jpg 100w, https:\/\/www.rutadelascasastipicasrd.com\/wp-content\/uploads\/2022\/06\/Victor-DURAN-1.jpg 1080w\" sizes=\"auto, (max-width: 767px) 89vw, (max-width: 1000px) 54vw, (max-width: 1071px) 543px, 580px\" \/><\/figure>\n<\/figure>\n\n\n\n<p>Jos\u00e9 Enrique Delmonte So\u00f1\u00e9 is the editor of the \u00ab\u00a0<strong>Gu\u00eda de Arquitectura de Santo Domingo<\/strong>\u00a0\u00bb and the book \u00ab\u00a0<strong>60 a\u00f1os edificados, memorias para la construcci\u00f3n de la naci\u00f3n<\/strong>\u00ab\u00a0. He is also co-author of the book \u00ab\u00a0<strong>Historias para la construcci\u00f3n de la arquitectura dominicana<\/strong>\u00ab\u00a0.<\/p>\n\n\n\n<p style=\"font-style:normal;font-weight:400\">Victor Manuel Dur\u00e1n Nu\u00f1ez is the author of <strong>\u00ab\u00a0<a href=\"https:\/\/amzn.to\/3y0iE26\" target=\"_blank\" rel=\"noreferrer noopener sponsored nofollow\">Arquitectura Popular Dominicana\u00a0\u00bb<\/a> y <a href=\"https:\/\/amzn.to\/3HxWjvW\" target=\"_blank\" rel=\"noreferrer noopener sponsored nofollow\"> \u00ab\u00a0Artesan\u00eda Dominicana, un arte popular<\/a>\u00ab\u00a0<\/strong><em> (click on the titles to buy them now).<\/em><\/p>\n\n\n\n<h2 class=\"wp-block-heading\">Votes<\/h2>\n\n\n\n<h3 class=\"wp-block-heading\"><strong>The Public&rsquo;s choice<\/strong><\/h3>\n\n\n\n<p>The photos of <strong>the 3 houses with the most \u00ab\u00a0likes\u00a0\u00bb <\/strong>at the end of the contest (October 31 at 8pm) <strong>will be designated as the \u00ab\u00a0Favourite Typical Houses\u00a0\u00bb of Route 2022 from the public&rsquo;s choice<\/strong>.<\/p>\n\n\n\n<h3 class=\"wp-block-heading\"><strong>The Professional Jury&rsquo;s choice<\/strong><\/h3>\n\n\n\n<p>On October 31, the <strong>Professional Jury will designate the house(s) that will receive the \u00ab\u00a0Honor of the Jury\u00a0\u00bb mention for the current year<\/strong>.<\/p>\n\n\n\n<h2 class=\"wp-block-heading\">Awards<\/h2>\n\n\n\n<h3 class=\"wp-block-heading\"><strong><strong>Public&rsquo;s <\/strong>Award<\/strong><\/h3>\n\n\n\n<p>The<strong> 3 houses awarded by the public<\/strong> <strong>will receive a series of products from our sponsors to keep their typical house in the best conditions<\/strong>.<br>Paint, wood, nails, zinc among others, as well as a substantial help in labor by artisans dedicated to popular architecture.<\/p>\n\n\n\n<h3 class=\"wp-block-heading\"><strong><strong>Professional Jury &lsquo;s <\/strong>award<\/strong><\/h3>\n\n\n\n<p><strong>The house(s) awarded by the profesionnal jury with the mention of \u00ab\u00a0Honor\u00a0\u00bb will receive a gift from our sponsors to improve their daily lives and reward their dedication to preserve the Dominican architectural heritage.<\/strong><\/p>\n\n\n\n<p><a href=\"https:\/\/www.rutadelascasastipicasrd.com\/index.php\/reglamento-del-concurso\/\" target=\"_blank\" rel=\"noreferrer noopener\">See the rules of the contest&rsquo;s<\/a><\/p>\n","protected":false},"excerpt":{"rendered":"<p>Every year, the Ruta de las Casas T\u00edpicas competition is held to select the 3 favourite houses along the route. DATES FOR THE CONTEST &#8211; 2022 from october 1st till 31st For one month, our followers will be able to vote for their favorite tipical house on the Instagram account of La Ruta de las &hellip; <\/p>\n<p class=\"link-more\"><a href=\"https:\/\/www.rutadelascasastipicasrd.com\/index.php\/en\/annual-contest\/\" class=\"more-link\">Continuer la lecture<span class=\"screen-reader-text\"> de &laquo;&nbsp;Annual Contest&nbsp;&raquo;<\/span><\/a><\/p>\n","protected":false},"author":1,"featured_media":0,"parent":0,"menu_order":0,"comment_status":"closed","ping_status":"closed","template":"","meta":{"footnotes":""},"class_list":["post-418","page","type-page","status-publish","hentry"],"yoast_head":"<!-- This site is optimized with the Yoast SEO plugin v27.5 - https:\/\/yoast.com\/product\/yoast-seo-wordpress\/ -->\n<title>Annual Contest - La Ruta de las Casas T\u00edpicas<\/title>\n<meta name=\"description\" content=\"The Ruta de las Casas T\u00edpicas contest is held to select the 3 most beautiful houses along the route. The owners will receive paint and wood\" \/>\n<meta name=\"robots\" content=\"index, follow, max-snippet:-1, max-image-preview:large, max-video-preview:-1\" \/>\n<link rel=\"canonical\" href=\"https:\/\/www.rutadelascasastipicasrd.com\/index.php\/en\/annual-contest\/\" \/>\n<meta property=\"og:locale\" content=\"fr_FR\" \/>\n<meta property=\"og:type\" content=\"article\" \/>\n<meta property=\"og:title\" content=\"Annual Contest - La Ruta de las Casas T\u00edpicas\" \/>\n<meta property=\"og:description\" content=\"The Ruta de las Casas T\u00edpicas contest is held to select the 3 most beautiful houses along the route. The owners will receive paint and wood\" \/>\n<meta property=\"og:url\" content=\"https:\/\/www.rutadelascasastipicasrd.com\/index.php\/en\/annual-contest\/\" \/>\n<meta property=\"og:site_name\" content=\"La Ruta de las Casas T\u00edpicas\" \/>\n<meta property=\"article:modified_time\" content=\"2022-10-31T20:52:08+00:00\" \/>\n<meta property=\"og:image\" content=\"https:\/\/www.rutadelascasastipicasrd.com\/wp-content\/uploads\/2022\/06\/Jose-Enrique-Delmonte-1-1024x1024.jpg\" \/>\n<meta name=\"twitter:card\" content=\"summary_large_image\" \/>\n<meta name=\"twitter:label1\" content=\"Dur\u00e9e de lecture estim\u00e9e\" \/>\n\t<meta name=\"twitter:data1\" content=\"2 minutes\" \/>\n<script type=\"application\/ld+json\" class=\"yoast-schema-graph\">{\"@context\":\"https:\\\/\\\/schema.org\",\"@graph\":[{\"@type\":\"WebPage\",\"@id\":\"https:\\\/\\\/www.rutadelascasastipicasrd.com\\\/index.php\\\/en\\\/annual-contest\\\/\",\"url\":\"https:\\\/\\\/www.rutadelascasastipicasrd.com\\\/index.php\\\/en\\\/annual-contest\\\/\",\"name\":\"Annual Contest - La Ruta de las Casas T\u00edpicas\",\"isPartOf\":{\"@id\":\"https:\\\/\\\/www.rutadelascasastipicasrd.com\\\/#website\"},\"primaryImageOfPage\":{\"@id\":\"https:\\\/\\\/www.rutadelascasastipicasrd.com\\\/index.php\\\/en\\\/annual-contest\\\/#primaryimage\"},\"image\":{\"@id\":\"https:\\\/\\\/www.rutadelascasastipicasrd.com\\\/index.php\\\/en\\\/annual-contest\\\/#primaryimage\"},\"thumbnailUrl\":\"https:\\\/\\\/www.rutadelascasastipicasrd.com\\\/wp-content\\\/uploads\\\/2022\\\/06\\\/Jose-Enrique-Delmonte-1-1024x1024.jpg\",\"datePublished\":\"2022-07-04T20:55:30+00:00\",\"dateModified\":\"2022-10-31T20:52:08+00:00\",\"description\":\"The Ruta de las Casas T\u00edpicas contest is held to select the 3 most beautiful houses along the route. The owners will receive paint and wood\",\"breadcrumb\":{\"@id\":\"https:\\\/\\\/www.rutadelascasastipicasrd.com\\\/index.php\\\/en\\\/annual-contest\\\/#breadcrumb\"},\"inLanguage\":\"fr-FR\",\"potentialAction\":[{\"@type\":\"ReadAction\",\"target\":[\"https:\\\/\\\/www.rutadelascasastipicasrd.com\\\/index.php\\\/en\\\/annual-contest\\\/\"]}]},{\"@type\":\"ImageObject\",\"inLanguage\":\"fr-FR\",\"@id\":\"https:\\\/\\\/www.rutadelascasastipicasrd.com\\\/index.php\\\/en\\\/annual-contest\\\/#primaryimage\",\"url\":\"https:\\\/\\\/www.rutadelascasastipicasrd.com\\\/wp-content\\\/uploads\\\/2022\\\/06\\\/Jose-Enrique-Delmonte-1.jpg\",\"contentUrl\":\"https:\\\/\\\/www.rutadelascasastipicasrd.com\\\/wp-content\\\/uploads\\\/2022\\\/06\\\/Jose-Enrique-Delmonte-1.jpg\",\"width\":1080,\"height\":1080},{\"@type\":\"BreadcrumbList\",\"@id\":\"https:\\\/\\\/www.rutadelascasastipicasrd.com\\\/index.php\\\/en\\\/annual-contest\\\/#breadcrumb\",\"itemListElement\":[{\"@type\":\"ListItem\",\"position\":1,\"name\":\"Home\",\"item\":\"https:\\\/\\\/www.rutadelascasastipicasrd.com\\\/index.php\\\/es\\\/inicio\\\/\"},{\"@type\":\"ListItem\",\"position\":2,\"name\":\"Annual Contest\"}]},{\"@type\":\"WebSite\",\"@id\":\"https:\\\/\\\/www.rutadelascasastipicasrd.com\\\/#website\",\"url\":\"https:\\\/\\\/www.rutadelascasastipicasrd.com\\\/\",\"name\":\"La Ruta de las Casas T\u00edpicas\",\"description\":\"Rep\u00fablica Dominicana\",\"publisher\":{\"@id\":\"https:\\\/\\\/www.rutadelascasastipicasrd.com\\\/#organization\"},\"potentialAction\":[{\"@type\":\"SearchAction\",\"target\":{\"@type\":\"EntryPoint\",\"urlTemplate\":\"https:\\\/\\\/www.rutadelascasastipicasrd.com\\\/?s={search_term_string}\"},\"query-input\":{\"@type\":\"PropertyValueSpecification\",\"valueRequired\":true,\"valueName\":\"search_term_string\"}}],\"inLanguage\":\"fr-FR\"},{\"@type\":\"Organization\",\"@id\":\"https:\\\/\\\/www.rutadelascasastipicasrd.com\\\/#organization\",\"name\":\"La Ruta de las Casas T\u00edpicas\",\"url\":\"https:\\\/\\\/www.rutadelascasastipicasrd.com\\\/\",\"logo\":{\"@type\":\"ImageObject\",\"inLanguage\":\"fr-FR\",\"@id\":\"https:\\\/\\\/www.rutadelascasastipicasrd.com\\\/#\\\/schema\\\/logo\\\/image\\\/\",\"url\":\"https:\\\/\\\/www.rutadelascasastipicasrd.com\\\/wp-content\\\/uploads\\\/2024\\\/02\\\/cropped-2024-Ruta-de-las-casas-tipicas-fondo-transparente.png\",\"contentUrl\":\"https:\\\/\\\/www.rutadelascasastipicasrd.com\\\/wp-content\\\/uploads\\\/2024\\\/02\\\/cropped-2024-Ruta-de-las-casas-tipicas-fondo-transparente.png\",\"width\":1563,\"height\":1563,\"caption\":\"La Ruta de las Casas T\u00edpicas\"},\"image\":{\"@id\":\"https:\\\/\\\/www.rutadelascasastipicasrd.com\\\/#\\\/schema\\\/logo\\\/image\\\/\"}}]}<\/script>\n<!-- \/ Yoast SEO plugin. -->","yoast_head_json":{"title":"Annual Contest - La Ruta de las Casas T\u00edpicas","description":"The Ruta de las Casas T\u00edpicas contest is held to select the 3 most beautiful houses along the route. The owners will receive paint and wood","robots":{"index":"index","follow":"follow","max-snippet":"max-snippet:-1","max-image-preview":"max-image-preview:large","max-video-preview":"max-video-preview:-1"},"canonical":"https:\/\/www.rutadelascasastipicasrd.com\/index.php\/en\/annual-contest\/","og_locale":"fr_FR","og_type":"article","og_title":"Annual Contest - La Ruta de las Casas T\u00edpicas","og_description":"The Ruta de las Casas T\u00edpicas contest is held to select the 3 most beautiful houses along the route. The owners will receive paint and wood","og_url":"https:\/\/www.rutadelascasastipicasrd.com\/index.php\/en\/annual-contest\/","og_site_name":"La Ruta de las Casas T\u00edpicas","article_modified_time":"2022-10-31T20:52:08+00:00","og_image":[{"url":"https:\/\/www.rutadelascasastipicasrd.com\/wp-content\/uploads\/2022\/06\/Jose-Enrique-Delmonte-1-1024x1024.jpg","type":"","width":"","height":""}],"twitter_card":"summary_large_image","twitter_misc":{"Dur\u00e9e de lecture estim\u00e9e":"2 minutes"},"schema":{"@context":"https:\/\/schema.org","@graph":[{"@type":"WebPage","@id":"https:\/\/www.rutadelascasastipicasrd.com\/index.php\/en\/annual-contest\/","url":"https:\/\/www.rutadelascasastipicasrd.com\/index.php\/en\/annual-contest\/","name":"Annual Contest - La Ruta de las Casas T\u00edpicas","isPartOf":{"@id":"https:\/\/www.rutadelascasastipicasrd.com\/#website"},"primaryImageOfPage":{"@id":"https:\/\/www.rutadelascasastipicasrd.com\/index.php\/en\/annual-contest\/#primaryimage"},"image":{"@id":"https:\/\/www.rutadelascasastipicasrd.com\/index.php\/en\/annual-contest\/#primaryimage"},"thumbnailUrl":"https:\/\/www.rutadelascasastipicasrd.com\/wp-content\/uploads\/2022\/06\/Jose-Enrique-Delmonte-1-1024x1024.jpg","datePublished":"2022-07-04T20:55:30+00:00","dateModified":"2022-10-31T20:52:08+00:00","description":"The Ruta de las Casas T\u00edpicas contest is held to select the 3 most beautiful houses along the route. The owners will receive paint and wood","breadcrumb":{"@id":"https:\/\/www.rutadelascasastipicasrd.com\/index.php\/en\/annual-contest\/#breadcrumb"},"inLanguage":"fr-FR","potentialAction":[{"@type":"ReadAction","target":["https:\/\/www.rutadelascasastipicasrd.com\/index.php\/en\/annual-contest\/"]}]},{"@type":"ImageObject","inLanguage":"fr-FR","@id":"https:\/\/www.rutadelascasastipicasrd.com\/index.php\/en\/annual-contest\/#primaryimage","url":"https:\/\/www.rutadelascasastipicasrd.com\/wp-content\/uploads\/2022\/06\/Jose-Enrique-Delmonte-1.jpg","contentUrl":"https:\/\/www.rutadelascasastipicasrd.com\/wp-content\/uploads\/2022\/06\/Jose-Enrique-Delmonte-1.jpg","width":1080,"height":1080},{"@type":"BreadcrumbList","@id":"https:\/\/www.rutadelascasastipicasrd.com\/index.php\/en\/annual-contest\/#breadcrumb","itemListElement":[{"@type":"ListItem","position":1,"name":"Home","item":"https:\/\/www.rutadelascasastipicasrd.com\/index.php\/es\/inicio\/"},{"@type":"ListItem","position":2,"name":"Annual Contest"}]},{"@type":"WebSite","@id":"https:\/\/www.rutadelascasastipicasrd.com\/#website","url":"https:\/\/www.rutadelascasastipicasrd.com\/","name":"La Ruta de las Casas T\u00edpicas","description":"Rep\u00fablica Dominicana","publisher":{"@id":"https:\/\/www.rutadelascasastipicasrd.com\/#organization"},"potentialAction":[{"@type":"SearchAction","target":{"@type":"EntryPoint","urlTemplate":"https:\/\/www.rutadelascasastipicasrd.com\/?s={search_term_string}"},"query-input":{"@type":"PropertyValueSpecification","valueRequired":true,"valueName":"search_term_string"}}],"inLanguage":"fr-FR"},{"@type":"Organization","@id":"https:\/\/www.rutadelascasastipicasrd.com\/#organization","name":"La Ruta de las Casas T\u00edpicas","url":"https:\/\/www.rutadelascasastipicasrd.com\/","logo":{"@type":"ImageObject","inLanguage":"fr-FR","@id":"https:\/\/www.rutadelascasastipicasrd.com\/#\/schema\/logo\/image\/","url":"https:\/\/www.rutadelascasastipicasrd.com\/wp-content\/uploads\/2024\/02\/cropped-2024-Ruta-de-las-casas-tipicas-fondo-transparente.png","contentUrl":"https:\/\/www.rutadelascasastipicasrd.com\/wp-content\/uploads\/2024\/02\/cropped-2024-Ruta-de-las-casas-tipicas-fondo-transparente.png","width":1563,"height":1563,"caption":"La Ruta de las Casas T\u00edpicas"},"image":{"@id":"https:\/\/www.rutadelascasastipicasrd.com\/#\/schema\/logo\/image\/"}}]}},"jetpack_sharing_enabled":true,"_links":{"self":[{"href":"https:\/\/www.rutadelascasastipicasrd.com\/index.php\/wp-json\/wp\/v2\/pages\/418","targetHints":{"allow":["GET"]}}],"collection":[{"href":"https:\/\/www.rutadelascasastipicasrd.com\/index.php\/wp-json\/wp\/v2\/pages"}],"about":[{"href":"https:\/\/www.rutadelascasastipicasrd.com\/index.php\/wp-json\/wp\/v2\/types\/page"}],"author":[{"embeddable":true,"href":"https:\/\/www.rutadelascasastipicasrd.com\/index.php\/wp-json\/wp\/v2\/users\/1"}],"replies":[{"embeddable":true,"href":"https:\/\/www.rutadelascasastipicasrd.com\/index.php\/wp-json\/wp\/v2\/comments?post=418"}],"version-history":[{"count":7,"href":"https:\/\/www.rutadelascasastipicasrd.com\/index.php\/wp-json\/wp\/v2\/pages\/418\/revisions"}],"predecessor-version":[{"id":631,"href":"https:\/\/www.rutadelascasastipicasrd.com\/index.php\/wp-json\/wp\/v2\/pages\/418\/revisions\/631"}],"wp:attachment":[{"href":"https:\/\/www.rutadelascasastipicasrd.com\/index.php\/wp-json\/wp\/v2\/media?parent=418"}],"curies":[{"name":"wp","href":"https:\/\/api.w.org\/{rel}","templated":true}]}}