{"id":421,"date":"2022-07-04T16:56:25","date_gmt":"2022-07-04T20:56:25","guid":{"rendered":"https:\/\/www.rutadelascasastipicasrd.com\/?page_id=421"},"modified":"2022-08-30T21:45:54","modified_gmt":"2022-08-31T01:45:54","slug":"contact-us","status":"publish","type":"page","link":"https:\/\/www.rutadelascasastipicasrd.com\/index.php\/en\/contact-us\/","title":{"rendered":"Contact us"},"content":{"rendered":"\n<p>Would you like to <strong>support this project<\/strong>, <strong>ask a question<\/strong> or a <strong>suggest any idea<\/strong>?<\/p>\n\n\n\n<p>Please feel free to contact us through this form and we&rsquo;ll get back to you as soon as possible.<\/p>\n\n\n\n<div class=\"wpcf7 no-js\" id=\"wpcf7-f536-o1\" lang=\"fr-FR\" dir=\"ltr\" data-wpcf7-id=\"536\">\n<div class=\"screen-reader-response\"><p role=\"status\" aria-live=\"polite\" aria-atomic=\"true\"><\/p> <ul><\/ul><\/div>\n<form action=\"\/index.php\/wp-json\/wp\/v2\/pages\/421#wpcf7-f536-o1\" method=\"post\" class=\"wpcf7-form init\" aria-label=\"Formulaire de contact\" novalidate=\"novalidate\" data-status=\"init\">\n<fieldset class=\"hidden-fields-container\"><input type=\"hidden\" name=\"_wpcf7\" value=\"536\" \/><input type=\"hidden\" name=\"_wpcf7_version\" value=\"6.1.5\" \/><input type=\"hidden\" name=\"_wpcf7_locale\" value=\"fr_FR\" \/><input type=\"hidden\" name=\"_wpcf7_unit_tag\" value=\"wpcf7-f536-o1\" \/><input type=\"hidden\" name=\"_wpcf7_container_post\" value=\"0\" \/><input type=\"hidden\" name=\"_wpcf7_posted_data_hash\" value=\"\" \/>\n<\/fieldset>\n<p><label> Your name<br \/>\n<span class=\"wpcf7-form-control-wrap\" data-name=\"your-name\"><input size=\"40\" maxlength=\"400\" class=\"wpcf7-form-control wpcf7-text wpcf7-validates-as-required\" aria-required=\"true\" aria-invalid=\"false\" value=\"\" type=\"text\" name=\"your-name\" \/><\/span> <\/label>\n<\/p>\n<p><label> Your email<br \/>\n<span class=\"wpcf7-form-control-wrap\" data-name=\"your-email\"><input size=\"40\" maxlength=\"400\" class=\"wpcf7-form-control wpcf7-email wpcf7-validates-as-required wpcf7-text wpcf7-validates-as-email\" aria-required=\"true\" aria-invalid=\"false\" value=\"\" type=\"email\" name=\"your-email\" \/><\/span> <\/label>\n<\/p>\n<p><label> Your phone\/WhatsApp (to contact you faster)<br \/>\n<span class=\"wpcf7-form-control-wrap\" data-name=\"tel-741\"><input size=\"40\" maxlength=\"400\" class=\"wpcf7-form-control wpcf7-tel wpcf7-text wpcf7-validates-as-tel\" aria-invalid=\"false\" value=\"\" type=\"tel\" name=\"tel-741\" \/><\/span> <\/label>\n<\/p>\n<p><label> Object<br \/>\n<span class=\"wpcf7-form-control-wrap\" data-name=\"your-subject\"><input size=\"40\" maxlength=\"400\" class=\"wpcf7-form-control wpcf7-text wpcf7-validates-as-required\" aria-required=\"true\" aria-invalid=\"false\" value=\"\" type=\"text\" name=\"your-subject\" \/><\/span> <\/label>\n<\/p>\n<p><label> Your message<br \/>\n<span class=\"wpcf7-form-control-wrap\" data-name=\"your-message\"><textarea cols=\"40\" rows=\"10\" maxlength=\"2000\" class=\"wpcf7-form-control wpcf7-textarea\" aria-invalid=\"false\" name=\"your-message\"><\/textarea><\/span> <\/label>\n<\/p>\n<p><input class=\"wpcf7-form-control wpcf7-submit has-spinner\" type=\"submit\" value=\"Send\" \/>\n<\/p><p style=\"display: none !important;\" class=\"akismet-fields-container\" data-prefix=\"_wpcf7_ak_\"><label>&#916;<textarea name=\"_wpcf7_ak_hp_textarea\" cols=\"45\" rows=\"8\" maxlength=\"100\"><\/textarea><\/label><input type=\"hidden\" id=\"ak_js_1\" name=\"_wpcf7_ak_js\" value=\"7\"\/><script>document.getElementById( \"ak_js_1\" ).setAttribute( \"value\", ( new Date() ).getTime() );<\/script><\/p><div class=\"wpcf7-response-output\" aria-hidden=\"true\"><\/div>\n<\/form>\n<\/div>\n\n\n\n\n<p><\/p>\n\n\n\n<p><em>We will never spam or use your details for any other purpose than contacting you back.<\/em><\/p>\n","protected":false},"excerpt":{"rendered":"<p>Would you like to support this project, ask a question or a suggest any idea? Please feel free to contact us through this form and we&rsquo;ll get back to you as soon as possible. We will never spam or use your details for any other purpose than contacting you back.<\/p>\n","protected":false},"author":1,"featured_media":0,"parent":0,"menu_order":0,"comment_status":"closed","ping_status":"closed","template":"","meta":{"footnotes":""},"class_list":["post-421","page","type-page","status-publish","hentry"],"yoast_head":"<!-- This site is optimized with the Yoast SEO plugin v27.4 - https:\/\/yoast.com\/product\/yoast-seo-wordpress\/ -->\n<title>Contact us - La Ruta de las Casas T\u00edpicas<\/title>\n<meta name=\"description\" content=\"Contact to book your Tour in Las Galeras, Dominican Republic. See the picturesque typical dominican houses on your way to famous Playa Rinc\u00f3n\" \/>\n<meta name=\"robots\" content=\"index, follow, max-snippet:-1, max-image-preview:large, max-video-preview:-1\" \/>\n<link rel=\"canonical\" href=\"https:\/\/www.rutadelascasastipicasrd.com\/index.php\/en\/contact-us\/\" \/>\n<meta property=\"og:locale\" content=\"fr_FR\" \/>\n<meta property=\"og:type\" content=\"article\" \/>\n<meta property=\"og:title\" content=\"Contact us - La Ruta de las Casas T\u00edpicas\" \/>\n<meta property=\"og:description\" content=\"Contact to book your Tour in Las Galeras, Dominican Republic. See the picturesque typical dominican houses on your way to famous Playa Rinc\u00f3n\" \/>\n<meta property=\"og:url\" content=\"https:\/\/www.rutadelascasastipicasrd.com\/index.php\/en\/contact-us\/\" \/>\n<meta property=\"og:site_name\" content=\"La Ruta de las Casas T\u00edpicas\" \/>\n<meta property=\"article:modified_time\" content=\"2022-08-31T01:45:54+00:00\" \/>\n<meta name=\"twitter:card\" content=\"summary_large_image\" \/>\n<meta name=\"twitter:label1\" content=\"Dur\u00e9e de lecture estim\u00e9e\" \/>\n\t<meta name=\"twitter:data1\" content=\"1 minute\" \/>\n<script type=\"application\/ld+json\" class=\"yoast-schema-graph\">{\"@context\":\"https:\\\/\\\/schema.org\",\"@graph\":[{\"@type\":\"WebPage\",\"@id\":\"https:\\\/\\\/www.rutadelascasastipicasrd.com\\\/index.php\\\/en\\\/contact-us\\\/\",\"url\":\"https:\\\/\\\/www.rutadelascasastipicasrd.com\\\/index.php\\\/en\\\/contact-us\\\/\",\"name\":\"Contact us - La Ruta de las Casas T\u00edpicas\",\"isPartOf\":{\"@id\":\"https:\\\/\\\/www.rutadelascasastipicasrd.com\\\/#website\"},\"datePublished\":\"2022-07-04T20:56:25+00:00\",\"dateModified\":\"2022-08-31T01:45:54+00:00\",\"description\":\"Contact to book your Tour in Las Galeras, Dominican Republic. See the picturesque typical dominican houses on your way to famous Playa Rinc\u00f3n\",\"breadcrumb\":{\"@id\":\"https:\\\/\\\/www.rutadelascasastipicasrd.com\\\/index.php\\\/en\\\/contact-us\\\/#breadcrumb\"},\"inLanguage\":\"fr-FR\",\"potentialAction\":[{\"@type\":\"ReadAction\",\"target\":[\"https:\\\/\\\/www.rutadelascasastipicasrd.com\\\/index.php\\\/en\\\/contact-us\\\/\"]}]},{\"@type\":\"BreadcrumbList\",\"@id\":\"https:\\\/\\\/www.rutadelascasastipicasrd.com\\\/index.php\\\/en\\\/contact-us\\\/#breadcrumb\",\"itemListElement\":[{\"@type\":\"ListItem\",\"position\":1,\"name\":\"Home\",\"item\":\"https:\\\/\\\/www.rutadelascasastipicasrd.com\\\/index.php\\\/es\\\/inicio\\\/\"},{\"@type\":\"ListItem\",\"position\":2,\"name\":\"Contact us\"}]},{\"@type\":\"WebSite\",\"@id\":\"https:\\\/\\\/www.rutadelascasastipicasrd.com\\\/#website\",\"url\":\"https:\\\/\\\/www.rutadelascasastipicasrd.com\\\/\",\"name\":\"La Ruta de las Casas T\u00edpicas\",\"description\":\"Rep\u00fablica Dominicana\",\"publisher\":{\"@id\":\"https:\\\/\\\/www.rutadelascasastipicasrd.com\\\/#organization\"},\"potentialAction\":[{\"@type\":\"SearchAction\",\"target\":{\"@type\":\"EntryPoint\",\"urlTemplate\":\"https:\\\/\\\/www.rutadelascasastipicasrd.com\\\/?s={search_term_string}\"},\"query-input\":{\"@type\":\"PropertyValueSpecification\",\"valueRequired\":true,\"valueName\":\"search_term_string\"}}],\"inLanguage\":\"fr-FR\"},{\"@type\":\"Organization\",\"@id\":\"https:\\\/\\\/www.rutadelascasastipicasrd.com\\\/#organization\",\"name\":\"La Ruta de las Casas T\u00edpicas\",\"url\":\"https:\\\/\\\/www.rutadelascasastipicasrd.com\\\/\",\"logo\":{\"@type\":\"ImageObject\",\"inLanguage\":\"fr-FR\",\"@id\":\"https:\\\/\\\/www.rutadelascasastipicasrd.com\\\/#\\\/schema\\\/logo\\\/image\\\/\",\"url\":\"https:\\\/\\\/www.rutadelascasastipicasrd.com\\\/wp-content\\\/uploads\\\/2024\\\/02\\\/cropped-2024-Ruta-de-las-casas-tipicas-fondo-transparente.png\",\"contentUrl\":\"https:\\\/\\\/www.rutadelascasastipicasrd.com\\\/wp-content\\\/uploads\\\/2024\\\/02\\\/cropped-2024-Ruta-de-las-casas-tipicas-fondo-transparente.png\",\"width\":1563,\"height\":1563,\"caption\":\"La Ruta de las Casas T\u00edpicas\"},\"image\":{\"@id\":\"https:\\\/\\\/www.rutadelascasastipicasrd.com\\\/#\\\/schema\\\/logo\\\/image\\\/\"}}]}<\/script>\n<!-- \/ Yoast SEO plugin. -->","yoast_head_json":{"title":"Contact us - La Ruta de las Casas T\u00edpicas","description":"Contact to book your Tour in Las Galeras, Dominican Republic. See the picturesque typical dominican houses on your way to famous Playa Rinc\u00f3n","robots":{"index":"index","follow":"follow","max-snippet":"max-snippet:-1","max-image-preview":"max-image-preview:large","max-video-preview":"max-video-preview:-1"},"canonical":"https:\/\/www.rutadelascasastipicasrd.com\/index.php\/en\/contact-us\/","og_locale":"fr_FR","og_type":"article","og_title":"Contact us - La Ruta de las Casas T\u00edpicas","og_description":"Contact to book your Tour in Las Galeras, Dominican Republic. See the picturesque typical dominican houses on your way to famous Playa Rinc\u00f3n","og_url":"https:\/\/www.rutadelascasastipicasrd.com\/index.php\/en\/contact-us\/","og_site_name":"La Ruta de las Casas T\u00edpicas","article_modified_time":"2022-08-31T01:45:54+00:00","twitter_card":"summary_large_image","twitter_misc":{"Dur\u00e9e de lecture estim\u00e9e":"1 minute"},"schema":{"@context":"https:\/\/schema.org","@graph":[{"@type":"WebPage","@id":"https:\/\/www.rutadelascasastipicasrd.com\/index.php\/en\/contact-us\/","url":"https:\/\/www.rutadelascasastipicasrd.com\/index.php\/en\/contact-us\/","name":"Contact us - La Ruta de las Casas T\u00edpicas","isPartOf":{"@id":"https:\/\/www.rutadelascasastipicasrd.com\/#website"},"datePublished":"2022-07-04T20:56:25+00:00","dateModified":"2022-08-31T01:45:54+00:00","description":"Contact to book your Tour in Las Galeras, Dominican Republic. See the picturesque typical dominican houses on your way to famous Playa Rinc\u00f3n","breadcrumb":{"@id":"https:\/\/www.rutadelascasastipicasrd.com\/index.php\/en\/contact-us\/#breadcrumb"},"inLanguage":"fr-FR","potentialAction":[{"@type":"ReadAction","target":["https:\/\/www.rutadelascasastipicasrd.com\/index.php\/en\/contact-us\/"]}]},{"@type":"BreadcrumbList","@id":"https:\/\/www.rutadelascasastipicasrd.com\/index.php\/en\/contact-us\/#breadcrumb","itemListElement":[{"@type":"ListItem","position":1,"name":"Home","item":"https:\/\/www.rutadelascasastipicasrd.com\/index.php\/es\/inicio\/"},{"@type":"ListItem","position":2,"name":"Contact us"}]},{"@type":"WebSite","@id":"https:\/\/www.rutadelascasastipicasrd.com\/#website","url":"https:\/\/www.rutadelascasastipicasrd.com\/","name":"La Ruta de las Casas T\u00edpicas","description":"Rep\u00fablica Dominicana","publisher":{"@id":"https:\/\/www.rutadelascasastipicasrd.com\/#organization"},"potentialAction":[{"@type":"SearchAction","target":{"@type":"EntryPoint","urlTemplate":"https:\/\/www.rutadelascasastipicasrd.com\/?s={search_term_string}"},"query-input":{"@type":"PropertyValueSpecification","valueRequired":true,"valueName":"search_term_string"}}],"inLanguage":"fr-FR"},{"@type":"Organization","@id":"https:\/\/www.rutadelascasastipicasrd.com\/#organization","name":"La Ruta de las Casas T\u00edpicas","url":"https:\/\/www.rutadelascasastipicasrd.com\/","logo":{"@type":"ImageObject","inLanguage":"fr-FR","@id":"https:\/\/www.rutadelascasastipicasrd.com\/#\/schema\/logo\/image\/","url":"https:\/\/www.rutadelascasastipicasrd.com\/wp-content\/uploads\/2024\/02\/cropped-2024-Ruta-de-las-casas-tipicas-fondo-transparente.png","contentUrl":"https:\/\/www.rutadelascasastipicasrd.com\/wp-content\/uploads\/2024\/02\/cropped-2024-Ruta-de-las-casas-tipicas-fondo-transparente.png","width":1563,"height":1563,"caption":"La Ruta de las Casas T\u00edpicas"},"image":{"@id":"https:\/\/www.rutadelascasastipicasrd.com\/#\/schema\/logo\/image\/"}}]}},"jetpack_sharing_enabled":true,"_links":{"self":[{"href":"https:\/\/www.rutadelascasastipicasrd.com\/index.php\/wp-json\/wp\/v2\/pages\/421","targetHints":{"allow":["GET"]}}],"collection":[{"href":"https:\/\/www.rutadelascasastipicasrd.com\/index.php\/wp-json\/wp\/v2\/pages"}],"about":[{"href":"https:\/\/www.rutadelascasastipicasrd.com\/index.php\/wp-json\/wp\/v2\/types\/page"}],"author":[{"embeddable":true,"href":"https:\/\/www.rutadelascasastipicasrd.com\/index.php\/wp-json\/wp\/v2\/users\/1"}],"replies":[{"embeddable":true,"href":"https:\/\/www.rutadelascasastipicasrd.com\/index.php\/wp-json\/wp\/v2\/comments?post=421"}],"version-history":[{"count":5,"href":"https:\/\/www.rutadelascasastipicasrd.com\/index.php\/wp-json\/wp\/v2\/pages\/421\/revisions"}],"predecessor-version":[{"id":544,"href":"https:\/\/www.rutadelascasastipicasrd.com\/index.php\/wp-json\/wp\/v2\/pages\/421\/revisions\/544"}],"wp:attachment":[{"href":"https:\/\/www.rutadelascasastipicasrd.com\/index.php\/wp-json\/wp\/v2\/media?parent=421"}],"curies":[{"name":"wp","href":"https:\/\/api.w.org\/{rel}","templated":true}]}}