{"id":55,"date":"2022-02-02T02:16:26","date_gmt":"2022-02-02T01:16:26","guid":{"rendered":"http:\/\/travelloversrd.com\/?page_id=55"},"modified":"2026-02-22T22:09:32","modified_gmt":"2026-02-23T02:09:32","slug":"inicio","status":"publish","type":"page","link":"https:\/\/www.rutadelascasastipicasrd.com\/index.php\/es\/inicio\/","title":{"rendered":"In\u00edcio"},"content":{"rendered":"\n<h2 class=\"wp-block-heading has-medium-font-size\">Qu\u00e9 es La Ruta de las Casas T\u00edpicas?<\/h2>\n\n\n\n<p><strong>La Ruta de las Casas T\u00edpicas<\/strong> es un circuito tur\u00edstico en Rep\u00fablica dominicana que tiene como objetivo <strong>la valoraci\u00f3n y la conservaci\u00f3n de su patrimonio arquitect\u00f3nico y cultural<\/strong>. La primera ruta se crea en <strong>Las Galeras, Saman\u00e1<\/strong>, con la intenci\u00f3n de fomentar un <strong>turismo sostenible<\/strong> que favorece a los locales.<\/p>\n\n\n\n<p><strong>La Ruta de las Casas T\u00edpicas<\/strong> consiste en un <strong>recorrido de unos 45 kil\u00f3metros<\/strong> (<em>28 millas<\/em>) iniciando en la \u00ab\u00a0\u00faltima casa t\u00edpica\u00a0\u00bb de la calle principal de <strong>Las Galeras<\/strong> y terminando cerca de la famosa y hermosa <strong>Playa Rinc\u00f3n<\/strong>. <\/p>\n\n\n\n<p>El recorrido se puede hacer en veh\u00edculo particular, o en peque\u00f1o grupo, a bordo de una<strong> aut\u00e9ntica \u00ab\u00a0guagua\u00a0\u00bb galerense<\/strong> (transporte p\u00fablico tradicional en pick-up).<br><strong><a href=\"https:\/\/www.rutadelascasastipicasrd.com\/index.php\/reservas\/\">Para reservar un tour, dale click aqu\u00ed<\/a><\/strong>.<\/p>\n\n\n\n<div class=\"wp-block-buttons is-content-justification-center is-layout-flex wp-container-core-buttons-is-layout-062f0008 wp-block-buttons-is-layout-flex\">\n<div class=\"wp-block-button aligncenter\"><a class=\"wp-block-button__link has-white-color has-luminous-vivid-amber-background-color has-text-color has-background has-custom-font-size wp-element-button\" href=\"https:\/\/buy.stripe.com\/14AfZg417a4i3u7aOi9oc05\" style=\"font-size:16px\" target=\"_blank\" rel=\"noreferrer noopener nofollow\">COMPRAR LA AUDIOGUIA Y EL MAPA<\/a><\/div>\n<\/div>\n\n\n<div class=\"wp-block-image is-resized\">\n<figure class=\"alignright size-medium\"><img loading=\"lazy\" decoding=\"async\" width=\"300\" height=\"300\" src=\"https:\/\/www.rutadelascasastipicasrd.com\/wp-content\/uploads\/2024\/02\/2024-Ruta-de-las-casas-tipicas-fondo-transparente-1-300x300.png\" alt=\"Logo Ruta de las casas tipicas 2024\" class=\"wp-image-795\" style=\"width:200px\" srcset=\"https:\/\/www.rutadelascasastipicasrd.com\/wp-content\/uploads\/2024\/02\/2024-Ruta-de-las-casas-tipicas-fondo-transparente-1-300x300.png 300w, https:\/\/www.rutadelascasastipicasrd.com\/wp-content\/uploads\/2024\/02\/2024-Ruta-de-las-casas-tipicas-fondo-transparente-1-1024x1024.png 1024w, https:\/\/www.rutadelascasastipicasrd.com\/wp-content\/uploads\/2024\/02\/2024-Ruta-de-las-casas-tipicas-fondo-transparente-1-150x150.png 150w, https:\/\/www.rutadelascasastipicasrd.com\/wp-content\/uploads\/2024\/02\/2024-Ruta-de-las-casas-tipicas-fondo-transparente-1-768x768.png 768w, https:\/\/www.rutadelascasastipicasrd.com\/wp-content\/uploads\/2024\/02\/2024-Ruta-de-las-casas-tipicas-fondo-transparente-1-1536x1536.png 1536w, https:\/\/www.rutadelascasastipicasrd.com\/wp-content\/uploads\/2024\/02\/2024-Ruta-de-las-casas-tipicas-fondo-transparente-1-100x100.png 100w, https:\/\/www.rutadelascasastipicasrd.com\/wp-content\/uploads\/2024\/02\/2024-Ruta-de-las-casas-tipicas-fondo-transparente-1.png 1563w\" sizes=\"auto, (max-width: 300px) 100vw, 300px\" \/><figcaption class=\"wp-element-caption\">Label de La Ruta de las Casas Tipicas en Rep\u00fablica Dominicana<\/figcaption><\/figure>\n<\/div>\n\n\n<p>La Ruta de las Casas T\u00edpicas cuenta con <strong>unas 50 casas<\/strong> participantes <strong>visibles desde la calle<\/strong> (o a pocos metros de la calle). <br>Est\u00e1n identificadas con nuestro <strong>LABEL<\/strong>, las podr\u00e1s fotografiar y a veces visitar, con el acuerdo de sus propietarios.<\/p>\n\n\n\n<p>Algunas casas son aut\u00e9nticos <strong>comedores<\/strong>, <strong>colmaditos<\/strong>, e incluso podr\u00e1s disfrutar de una <strong><a href=\"https:\/\/www.airbnb.fr\/experiences\/247736?guests=1&amp;adults=1&amp;s=67&amp;unique_share_id=a77921e2-e2d2-4045-9faa-3201c6ca8f27\" target=\"_blank\" rel=\"noreferrer noopener\">experiencia \u00fanica para compartir una comida o un jugo natural. <\/a><\/strong> Si quieres puedes tambier vivir la esperiencia de pasar una noche para <strong><a href=\"https:\/\/www.airbnb.fr\/experiences\/247736?guests=1&amp;adults=1&amp;s=67&amp;unique_share_id=a77921e2-e2d2-4045-9faa-3201c6ca8f27\" target=\"_blank\" rel=\"noreferrer noopener\">dormir y vivir con los lugare\u00f1os<\/a><\/strong>.<\/p>\n\n\n\n<p>Identifica la ruta por sus <strong>letreros de madera hechos por artesanos locales<\/strong>.<\/p>\n\n\n\n<div class=\"wp-block-buttons is-content-justification-center is-layout-flex wp-container-core-buttons-is-layout-16018d1d wp-block-buttons-is-layout-flex\">\n<div class=\"wp-block-button aligncenter\"><a class=\"wp-block-button__link has-white-color has-vivid-red-background-color has-text-color has-background wp-element-button\" href=\"https:\/\/www.rutadelascasastipicasrd.com\/index.php\/reservas\/\">RESERVA TU TOUR<br>AHORA<\/a><\/div>\n<\/div>\n\n\n\n<h2 class=\"wp-block-heading\">C\u00f3mo y por qu\u00e9 se ha creado La Ruta de las Casas T\u00edpicas?<\/h2>\n\n\n\n<p><strong><a href=\"https:\/\/www.rutadelascasastipicasrd.com\/index.php\/la-ruta-de-las-casas-tipicas\/\">Descubre m\u00e1s sobre la Ruta de las Casas T\u00edpicas<\/a><\/strong><\/p>\n\n\n\n<h2 class=\"wp-block-heading\">Cu\u00e1l es el itinerario de La Ruta de las Casas T\u00edpicas?<\/h2>\n\n\n\n<p><strong>La Ruta se puede recorrer en 1\/2 d\u00eda<\/strong> (4 horas approx. incluyendo algunas paradas para fotos o compra), <strong>pero te sugerimos la excursi\u00f3n de d\u00eda completo<\/strong> que te permitir\u00e1 disfrutar de una pausa en la hermosa Playa Rinc\u00f3n a mitad del camino. Ah\u00ed podr\u00e1s ba\u00f1arte en el \u00ab\u00a0<strong>Ca\u00f1o fr\u00edo<\/strong>\u00a0\u00bb y ver la extremidad este de la playa con sus <strong>aguas tranquilas.<\/strong><\/p>\n\n\n\n<h2 class=\"wp-block-heading\">C\u00f3mo se recorre La Ruta de las Casas T\u00edpicas?<\/h2>\n\n\n\n<p>Puedes hacer el recorrido en tu veh\u00edculo particular escuchando la <a href=\"https:\/\/www.rutadelascasastipicasrd.com\/index.php\/es\/audio-guia\/\" type=\"page\" id=\"1128\">audio-gu\u00eda y con la ayuda del mapa de la Ruta<\/a>, o <strong><a href=\"https:\/\/www.rutadelascasastipicasrd.com\/index.php\/es\/reservas\/\" type=\"page\" id=\"174\">de manera oficial a bordo de una aut\u00e9ntica guagua local<\/a><\/strong>, con un gu\u00eda que les proporcionar\u00e1 cantidad de informaciones sobre la historia de Las Galeras y sus casas t\u00edpicas. Adem\u00e1s no tendr\u00e1s que manejar y podr\u00e1s disfrutar plenamente del paisaje!<\/p>\n\n\n\n<figure class=\"wp-block-embed is-type-video is-provider-youtube wp-block-embed-youtube wp-embed-aspect-16-9 wp-has-aspect-ratio\"><div class=\"wp-block-embed__wrapper\">\n<iframe loading=\"lazy\" title=\"El 8 de febrero 2023 inauguramos la Ruta de las casas t\u00edpicas de Las Galeras, en Saman\u00e1!\" width=\"525\" height=\"295\" src=\"https:\/\/www.youtube.com\/embed\/FVEdrgfxkYk?feature=oembed\" frameborder=\"0\" allow=\"accelerometer; autoplay; clipboard-write; encrypted-media; gyroscope; picture-in-picture; web-share\" referrerpolicy=\"strict-origin-when-cross-origin\" allowfullscreen><\/iframe>\n<\/div><\/figure>\n\n\n\n<figure class=\"wp-block-embed is-type-video is-provider-youtube wp-block-embed-youtube wp-embed-aspect-4-3 wp-has-aspect-ratio\"><div class=\"wp-block-embed__wrapper\">\n<iframe loading=\"lazy\" title=\"Aqu\u00ed est\u00e1n las casas tradicionales de Rep\u00fablica Dominicana. La Ruta de Las casas t\u00edpicas.\" width=\"525\" height=\"394\" src=\"https:\/\/www.youtube.com\/embed\/GWM4aKtHzpY?feature=oembed\" frameborder=\"0\" allow=\"accelerometer; autoplay; clipboard-write; encrypted-media; gyroscope; picture-in-picture; web-share\" referrerpolicy=\"strict-origin-when-cross-origin\" allowfullscreen><\/iframe>\n<\/div><\/figure>\n\n\n\n<h2 class=\"wp-block-heading\">C\u00f3mo contactar La Ruta de las Casas T\u00edpicas?<\/h2>\n\n\n\n<p>Necesitas m\u00e1s informaci\u00f3n ? Utiliza el <a href=\"https:\/\/www.rutadelascasastipicasrd.com\/index.php\/contacto\/\">formulario para contactarnos aqu\u00ed<\/a><\/p>\n\n\n\n<p>Sigue <a href=\"https:\/\/www.instagram.com\/rutadelascasastipicasrd\/\" target=\"_blank\" rel=\"noreferrer noopener nofollow\"><strong>La Ruta de las Casas T\u00edpicas<\/strong> <strong>en Instagram<\/strong><\/a><\/p>\n\n\n\n<p><a href=\"https:\/\/www.rutadelascasastipicasrd.com\/index.php\/concurso-de-la-casa-tipica-mas-bella\/\">Participa para votar en el concurso anual!<\/a><\/p>\n\n\n\n<p><\/p>\n\n\n\n<h2 class=\"wp-block-heading has-text-align-center has-luminous-vivid-amber-color has-text-color has-link-color has-large-font-size wp-elements-2a508da515a80b046f50217f95494638\"><strong>Haga un don<\/strong><br><strong>para apoyar la Ruta de las Casas T\u00edpicas<\/strong><\/h2>\n\n\n\n<div class=\"wp-block-jetpack-donations\"><h4><\/h4><p>En nombre de todos los participantes de la Ruta de las Casas T\u00edpicas: GRACIAS por su donaci\u00f3n!<br>Se utilizar\u00e1 sabiamente y se lo agradeceremos etiquet\u00e1ndole en una <a href=\"https:\/\/www.instagram.com\/rutadelascasastipicasrd\/\" target=\"_blank\" rel=\"noreferrer noopener nofollow\">historia de Instagram<\/a> si est\u00e1 de acuerdo, para ello anote su cuenta de Instagram al final de su mensaje.<\/p><a class=\"jetpack-donations-fallback-link\" rel=\"noopener noreferrer noamphtml\" target=\"_blank\"><\/a><hr class=\"donations__separator\"\/><h4><\/h4><p>En nombre de todos los participantes de la Ruta de las Casas T\u00edpicas: GRACIAS por su donaci\u00f3n!<br>Se utilizar\u00e1 sabiamente y se lo agradeceremos etiquet\u00e1ndole en una <a href=\"https:\/\/www.instagram.com\/rutadelascasastipicasrd\/\" target=\"_blank\" rel=\"noreferrer noopener nofollow\">historia de Instagram<\/a> si est\u00e1 de acuerdo, para ello anote su cuenta de Instagram al final de su mensaje.<\/p><a class=\"jetpack-donations-fallback-link\" rel=\"noopener noreferrer noamphtml\" target=\"_blank\"><\/a><hr class=\"donations__separator\"\/><h4><\/h4><p>En nombre de todos los participantes de la Ruta de las Casas T\u00edpicas: GRACIAS por su donaci\u00f3n!<br>Se utilizar\u00e1 sabiamente y se lo agradeceremos etiquet\u00e1ndole en una <a href=\"https:\/\/www.instagram.com\/rutadelascasastipicasrd\/\" target=\"_blank\" rel=\"noreferrer noopener nofollow\">historia de Instagram<\/a> si est\u00e1 de acuerdo, para ello anote su cuenta de Instagram al final de su mensaje.<\/p><a class=\"jetpack-donations-fallback-link\" rel=\"noopener noreferrer noamphtml\" target=\"_blank\"><\/a><\/div>\n\n\n\n<h2 class=\"wp-block-heading has-text-align-center\" style=\"font-size:29px\">Gracias al apoyo de nuestros colaboradores,<br>patrocinadores y donantes<\/h2>\n\n\n\n<p><a href=\"https:\/\/www.rutadelascasastipicasrd.com\/index.php\/es\/contacto\/\">Cont\u00e1ctenos para apoyar este proyecto<\/a> con material (pintura, madera, etc.) o fondos para el concurso (publicidad, evento, etc.).<\/p>\n\n\n<div class=\"wp-block-image\">\n<figure class=\"aligncenter size-small is-resized\"><img loading=\"lazy\" decoding=\"async\" width=\"1024\" height=\"155\" src=\"https:\/\/www.rutadelascasastipicasrd.com\/wp-content\/uploads\/2024\/10\/EMBAJADA-AECID-CC-CIUDAD-01-1024x155.jpg\" alt=\"Centro Cultural de Espa\u00f1a en Santo Domingo\" class=\"wp-image-828\" style=\"width:667px;height:auto\" srcset=\"https:\/\/www.rutadelascasastipicasrd.com\/wp-content\/uploads\/2024\/10\/EMBAJADA-AECID-CC-CIUDAD-01-1024x155.jpg 1024w, https:\/\/www.rutadelascasastipicasrd.com\/wp-content\/uploads\/2024\/10\/EMBAJADA-AECID-CC-CIUDAD-01-300x45.jpg 300w, https:\/\/www.rutadelascasastipicasrd.com\/wp-content\/uploads\/2024\/10\/EMBAJADA-AECID-CC-CIUDAD-01-768x116.jpg 768w, https:\/\/www.rutadelascasastipicasrd.com\/wp-content\/uploads\/2024\/10\/EMBAJADA-AECID-CC-CIUDAD-01-1536x233.jpg 1536w, https:\/\/www.rutadelascasastipicasrd.com\/wp-content\/uploads\/2024\/10\/EMBAJADA-AECID-CC-CIUDAD-01-2048x310.jpg 2048w\" sizes=\"auto, (max-width: 767px) 89vw, (max-width: 1000px) 54vw, (max-width: 1071px) 543px, 580px\" \/><\/figure>\n<\/div>\n\n<div class=\"wp-block-image is-style-default\">\n<figure class=\"aligncenter size-full is-resized\"><a href=\"https:\/\/centroculturaldemiches.com\/\" target=\"_blank\" rel=\"noreferrer noopener\"><img loading=\"lazy\" decoding=\"async\" width=\"650\" height=\"650\" src=\"https:\/\/www.rutadelascasastipicasrd.com\/wp-content\/uploads\/2024\/10\/Logo-Cayuco-Miches.jpg\" alt=\"logo Centro Cultural de Miches Cayuco\" class=\"wp-image-827\" style=\"width:160px;height:auto\" srcset=\"https:\/\/www.rutadelascasastipicasrd.com\/wp-content\/uploads\/2024\/10\/Logo-Cayuco-Miches.jpg 650w, https:\/\/www.rutadelascasastipicasrd.com\/wp-content\/uploads\/2024\/10\/Logo-Cayuco-Miches-300x300.jpg 300w, https:\/\/www.rutadelascasastipicasrd.com\/wp-content\/uploads\/2024\/10\/Logo-Cayuco-Miches-150x150.jpg 150w, https:\/\/www.rutadelascasastipicasrd.com\/wp-content\/uploads\/2024\/10\/Logo-Cayuco-Miches-100x100.jpg 100w\" sizes=\"auto, (max-width: 650px) 100vw, 650px\" \/><\/a><\/figure>\n<\/div>\n\n<div class=\"wp-block-image\">\n<figure class=\"aligncenter size-full is-resized\"><a href=\"https:\/\/onicemejia.com\/\" target=\"_blank\" rel=\"noreferrer noopener\"><img loading=\"lazy\" decoding=\"async\" width=\"275\" height=\"265\" src=\"https:\/\/www.rutadelascasastipicasrd.com\/wp-content\/uploads\/2024\/10\/Onice-Mejia-logo.jpg\" alt=\"\" class=\"wp-image-834\" style=\"width:174px;height:auto\"\/><\/a><\/figure>\n<\/div>","protected":false},"excerpt":{"rendered":"<p>Qu\u00e9 es La Ruta de las Casas T\u00edpicas? La Ruta de las Casas T\u00edpicas es un circuito tur\u00edstico en Rep\u00fablica dominicana que tiene como objetivo la valoraci\u00f3n y la conservaci\u00f3n de su patrimonio arquitect\u00f3nico y cultural. La primera ruta se crea en Las Galeras, Saman\u00e1, con la intenci\u00f3n de fomentar un turismo sostenible que favorece &hellip; <\/p>\n<p class=\"link-more\"><a href=\"https:\/\/www.rutadelascasastipicasrd.com\/index.php\/es\/inicio\/\" class=\"more-link\">Continuer la lecture<span class=\"screen-reader-text\"> de &laquo;&nbsp;In\u00edcio&nbsp;&raquo;<\/span><\/a><\/p>\n","protected":false},"author":1,"featured_media":0,"parent":0,"menu_order":0,"comment_status":"closed","ping_status":"closed","template":"","meta":{"footnotes":""},"class_list":["post-55","page","type-page","status-publish","hentry"],"yoast_head":"<!-- This site is optimized with the Yoast SEO plugin v27.4 - https:\/\/yoast.com\/product\/yoast-seo-wordpress\/ -->\n<title>In\u00edcio - La Ruta de las Casas T\u00edpicas<\/title>\n<meta name=\"description\" content=\"La Ruta de las Casas T\u00edpicas es un circuito tur\u00edstico donde podr\u00e1n contemplar las bellas casitas de madera y colores t\u00edpicas dominicanas.\" \/>\n<meta name=\"robots\" content=\"index, follow, max-snippet:-1, max-image-preview:large, max-video-preview:-1\" \/>\n<link rel=\"canonical\" href=\"https:\/\/www.rutadelascasastipicasrd.com\/index.php\/es\/inicio\/\" \/>\n<meta property=\"og:locale\" content=\"fr_FR\" \/>\n<meta property=\"og:type\" content=\"article\" \/>\n<meta property=\"og:title\" content=\"In\u00edcio - La Ruta de las Casas T\u00edpicas\" \/>\n<meta property=\"og:description\" content=\"La Ruta de las Casas T\u00edpicas es un circuito tur\u00edstico donde podr\u00e1n contemplar las bellas casitas de madera y colores t\u00edpicas dominicanas.\" \/>\n<meta property=\"og:url\" content=\"https:\/\/www.rutadelascasastipicasrd.com\/index.php\/es\/inicio\/\" \/>\n<meta property=\"og:site_name\" content=\"La Ruta de las Casas T\u00edpicas\" \/>\n<meta property=\"article:modified_time\" content=\"2026-02-23T02:09:32+00:00\" \/>\n<meta property=\"og:image\" content=\"https:\/\/www.rutadelascasastipicasrd.com\/wp-content\/uploads\/2024\/02\/2024-Ruta-de-las-casas-tipicas-fondo-transparente-1.png\" \/>\n\t<meta property=\"og:image:width\" content=\"1563\" \/>\n\t<meta property=\"og:image:height\" content=\"1563\" \/>\n\t<meta property=\"og:image:type\" content=\"image\/png\" \/>\n<meta name=\"twitter:card\" content=\"summary_large_image\" \/>\n<meta name=\"twitter:label1\" content=\"Dur\u00e9e de lecture estim\u00e9e\" \/>\n\t<meta name=\"twitter:data1\" content=\"4 minutes\" \/>\n<script type=\"application\/ld+json\" class=\"yoast-schema-graph\">{\"@context\":\"https:\\\/\\\/schema.org\",\"@graph\":[{\"@type\":\"WebPage\",\"@id\":\"https:\\\/\\\/www.rutadelascasastipicasrd.com\\\/index.php\\\/es\\\/inicio\\\/\",\"url\":\"https:\\\/\\\/www.rutadelascasastipicasrd.com\\\/index.php\\\/es\\\/inicio\\\/\",\"name\":\"In\u00edcio - La Ruta de las Casas T\u00edpicas\",\"isPartOf\":{\"@id\":\"https:\\\/\\\/www.rutadelascasastipicasrd.com\\\/#website\"},\"primaryImageOfPage\":{\"@id\":\"https:\\\/\\\/www.rutadelascasastipicasrd.com\\\/index.php\\\/es\\\/inicio\\\/#primaryimage\"},\"image\":{\"@id\":\"https:\\\/\\\/www.rutadelascasastipicasrd.com\\\/index.php\\\/es\\\/inicio\\\/#primaryimage\"},\"thumbnailUrl\":\"https:\\\/\\\/www.rutadelascasastipicasrd.com\\\/wp-content\\\/uploads\\\/2024\\\/02\\\/2024-Ruta-de-las-casas-tipicas-fondo-transparente-1-300x300.png\",\"datePublished\":\"2022-02-02T01:16:26+00:00\",\"dateModified\":\"2026-02-23T02:09:32+00:00\",\"description\":\"La Ruta de las Casas T\u00edpicas es un circuito tur\u00edstico donde podr\u00e1n contemplar las bellas casitas de madera y colores t\u00edpicas dominicanas.\",\"breadcrumb\":{\"@id\":\"https:\\\/\\\/www.rutadelascasastipicasrd.com\\\/index.php\\\/es\\\/inicio\\\/#breadcrumb\"},\"inLanguage\":\"fr-FR\",\"potentialAction\":[{\"@type\":\"ReadAction\",\"target\":[\"https:\\\/\\\/www.rutadelascasastipicasrd.com\\\/index.php\\\/es\\\/inicio\\\/\"]}]},{\"@type\":\"ImageObject\",\"inLanguage\":\"fr-FR\",\"@id\":\"https:\\\/\\\/www.rutadelascasastipicasrd.com\\\/index.php\\\/es\\\/inicio\\\/#primaryimage\",\"url\":\"https:\\\/\\\/www.rutadelascasastipicasrd.com\\\/wp-content\\\/uploads\\\/2024\\\/02\\\/2024-Ruta-de-las-casas-tipicas-fondo-transparente-1.png\",\"contentUrl\":\"https:\\\/\\\/www.rutadelascasastipicasrd.com\\\/wp-content\\\/uploads\\\/2024\\\/02\\\/2024-Ruta-de-las-casas-tipicas-fondo-transparente-1.png\",\"width\":1563,\"height\":1563,\"caption\":\"Logo Ruta de las casas tipicas 2024\"},{\"@type\":\"BreadcrumbList\",\"@id\":\"https:\\\/\\\/www.rutadelascasastipicasrd.com\\\/index.php\\\/es\\\/inicio\\\/#breadcrumb\",\"itemListElement\":[{\"@type\":\"ListItem\",\"position\":1,\"name\":\"Home\",\"item\":\"https:\\\/\\\/www.rutadelascasastipicasrd.com\\\/index.php\\\/es\\\/inicio\\\/\"},{\"@type\":\"ListItem\",\"position\":2,\"name\":\"In\u00edcio\"}]},{\"@type\":\"WebSite\",\"@id\":\"https:\\\/\\\/www.rutadelascasastipicasrd.com\\\/#website\",\"url\":\"https:\\\/\\\/www.rutadelascasastipicasrd.com\\\/\",\"name\":\"La Ruta de las Casas T\u00edpicas\",\"description\":\"Rep\u00fablica Dominicana\",\"publisher\":{\"@id\":\"https:\\\/\\\/www.rutadelascasastipicasrd.com\\\/#organization\"},\"potentialAction\":[{\"@type\":\"SearchAction\",\"target\":{\"@type\":\"EntryPoint\",\"urlTemplate\":\"https:\\\/\\\/www.rutadelascasastipicasrd.com\\\/?s={search_term_string}\"},\"query-input\":{\"@type\":\"PropertyValueSpecification\",\"valueRequired\":true,\"valueName\":\"search_term_string\"}}],\"inLanguage\":\"fr-FR\"},{\"@type\":\"Organization\",\"@id\":\"https:\\\/\\\/www.rutadelascasastipicasrd.com\\\/#organization\",\"name\":\"La Ruta de las Casas T\u00edpicas\",\"url\":\"https:\\\/\\\/www.rutadelascasastipicasrd.com\\\/\",\"logo\":{\"@type\":\"ImageObject\",\"inLanguage\":\"fr-FR\",\"@id\":\"https:\\\/\\\/www.rutadelascasastipicasrd.com\\\/#\\\/schema\\\/logo\\\/image\\\/\",\"url\":\"https:\\\/\\\/www.rutadelascasastipicasrd.com\\\/wp-content\\\/uploads\\\/2024\\\/02\\\/cropped-2024-Ruta-de-las-casas-tipicas-fondo-transparente.png\",\"contentUrl\":\"https:\\\/\\\/www.rutadelascasastipicasrd.com\\\/wp-content\\\/uploads\\\/2024\\\/02\\\/cropped-2024-Ruta-de-las-casas-tipicas-fondo-transparente.png\",\"width\":1563,\"height\":1563,\"caption\":\"La Ruta de las Casas T\u00edpicas\"},\"image\":{\"@id\":\"https:\\\/\\\/www.rutadelascasastipicasrd.com\\\/#\\\/schema\\\/logo\\\/image\\\/\"}}]}<\/script>\n<!-- \/ Yoast SEO plugin. -->","yoast_head_json":{"title":"In\u00edcio - La Ruta de las Casas T\u00edpicas","description":"La Ruta de las Casas T\u00edpicas es un circuito tur\u00edstico donde podr\u00e1n contemplar las bellas casitas de madera y colores t\u00edpicas dominicanas.","robots":{"index":"index","follow":"follow","max-snippet":"max-snippet:-1","max-image-preview":"max-image-preview:large","max-video-preview":"max-video-preview:-1"},"canonical":"https:\/\/www.rutadelascasastipicasrd.com\/index.php\/es\/inicio\/","og_locale":"fr_FR","og_type":"article","og_title":"In\u00edcio - La Ruta de las Casas T\u00edpicas","og_description":"La Ruta de las Casas T\u00edpicas es un circuito tur\u00edstico donde podr\u00e1n contemplar las bellas casitas de madera y colores t\u00edpicas dominicanas.","og_url":"https:\/\/www.rutadelascasastipicasrd.com\/index.php\/es\/inicio\/","og_site_name":"La Ruta de las Casas T\u00edpicas","article_modified_time":"2026-02-23T02:09:32+00:00","og_image":[{"width":1563,"height":1563,"url":"https:\/\/www.rutadelascasastipicasrd.com\/wp-content\/uploads\/2024\/02\/2024-Ruta-de-las-casas-tipicas-fondo-transparente-1.png","type":"image\/png"}],"twitter_card":"summary_large_image","twitter_misc":{"Dur\u00e9e de lecture estim\u00e9e":"4 minutes"},"schema":{"@context":"https:\/\/schema.org","@graph":[{"@type":"WebPage","@id":"https:\/\/www.rutadelascasastipicasrd.com\/index.php\/es\/inicio\/","url":"https:\/\/www.rutadelascasastipicasrd.com\/index.php\/es\/inicio\/","name":"In\u00edcio - La Ruta de las Casas T\u00edpicas","isPartOf":{"@id":"https:\/\/www.rutadelascasastipicasrd.com\/#website"},"primaryImageOfPage":{"@id":"https:\/\/www.rutadelascasastipicasrd.com\/index.php\/es\/inicio\/#primaryimage"},"image":{"@id":"https:\/\/www.rutadelascasastipicasrd.com\/index.php\/es\/inicio\/#primaryimage"},"thumbnailUrl":"https:\/\/www.rutadelascasastipicasrd.com\/wp-content\/uploads\/2024\/02\/2024-Ruta-de-las-casas-tipicas-fondo-transparente-1-300x300.png","datePublished":"2022-02-02T01:16:26+00:00","dateModified":"2026-02-23T02:09:32+00:00","description":"La Ruta de las Casas T\u00edpicas es un circuito tur\u00edstico donde podr\u00e1n contemplar las bellas casitas de madera y colores t\u00edpicas dominicanas.","breadcrumb":{"@id":"https:\/\/www.rutadelascasastipicasrd.com\/index.php\/es\/inicio\/#breadcrumb"},"inLanguage":"fr-FR","potentialAction":[{"@type":"ReadAction","target":["https:\/\/www.rutadelascasastipicasrd.com\/index.php\/es\/inicio\/"]}]},{"@type":"ImageObject","inLanguage":"fr-FR","@id":"https:\/\/www.rutadelascasastipicasrd.com\/index.php\/es\/inicio\/#primaryimage","url":"https:\/\/www.rutadelascasastipicasrd.com\/wp-content\/uploads\/2024\/02\/2024-Ruta-de-las-casas-tipicas-fondo-transparente-1.png","contentUrl":"https:\/\/www.rutadelascasastipicasrd.com\/wp-content\/uploads\/2024\/02\/2024-Ruta-de-las-casas-tipicas-fondo-transparente-1.png","width":1563,"height":1563,"caption":"Logo Ruta de las casas tipicas 2024"},{"@type":"BreadcrumbList","@id":"https:\/\/www.rutadelascasastipicasrd.com\/index.php\/es\/inicio\/#breadcrumb","itemListElement":[{"@type":"ListItem","position":1,"name":"Home","item":"https:\/\/www.rutadelascasastipicasrd.com\/index.php\/es\/inicio\/"},{"@type":"ListItem","position":2,"name":"In\u00edcio"}]},{"@type":"WebSite","@id":"https:\/\/www.rutadelascasastipicasrd.com\/#website","url":"https:\/\/www.rutadelascasastipicasrd.com\/","name":"La Ruta de las Casas T\u00edpicas","description":"Rep\u00fablica Dominicana","publisher":{"@id":"https:\/\/www.rutadelascasastipicasrd.com\/#organization"},"potentialAction":[{"@type":"SearchAction","target":{"@type":"EntryPoint","urlTemplate":"https:\/\/www.rutadelascasastipicasrd.com\/?s={search_term_string}"},"query-input":{"@type":"PropertyValueSpecification","valueRequired":true,"valueName":"search_term_string"}}],"inLanguage":"fr-FR"},{"@type":"Organization","@id":"https:\/\/www.rutadelascasastipicasrd.com\/#organization","name":"La Ruta de las Casas T\u00edpicas","url":"https:\/\/www.rutadelascasastipicasrd.com\/","logo":{"@type":"ImageObject","inLanguage":"fr-FR","@id":"https:\/\/www.rutadelascasastipicasrd.com\/#\/schema\/logo\/image\/","url":"https:\/\/www.rutadelascasastipicasrd.com\/wp-content\/uploads\/2024\/02\/cropped-2024-Ruta-de-las-casas-tipicas-fondo-transparente.png","contentUrl":"https:\/\/www.rutadelascasastipicasrd.com\/wp-content\/uploads\/2024\/02\/cropped-2024-Ruta-de-las-casas-tipicas-fondo-transparente.png","width":1563,"height":1563,"caption":"La Ruta de las Casas T\u00edpicas"},"image":{"@id":"https:\/\/www.rutadelascasastipicasrd.com\/#\/schema\/logo\/image\/"}}]}},"jetpack_sharing_enabled":true,"_links":{"self":[{"href":"https:\/\/www.rutadelascasastipicasrd.com\/index.php\/wp-json\/wp\/v2\/pages\/55","targetHints":{"allow":["GET"]}}],"collection":[{"href":"https:\/\/www.rutadelascasastipicasrd.com\/index.php\/wp-json\/wp\/v2\/pages"}],"about":[{"href":"https:\/\/www.rutadelascasastipicasrd.com\/index.php\/wp-json\/wp\/v2\/types\/page"}],"author":[{"embeddable":true,"href":"https:\/\/www.rutadelascasastipicasrd.com\/index.php\/wp-json\/wp\/v2\/users\/1"}],"replies":[{"embeddable":true,"href":"https:\/\/www.rutadelascasastipicasrd.com\/index.php\/wp-json\/wp\/v2\/comments?post=55"}],"version-history":[{"count":55,"href":"https:\/\/www.rutadelascasastipicasrd.com\/index.php\/wp-json\/wp\/v2\/pages\/55\/revisions"}],"predecessor-version":[{"id":1233,"href":"https:\/\/www.rutadelascasastipicasrd.com\/index.php\/wp-json\/wp\/v2\/pages\/55\/revisions\/1233"}],"wp:attachment":[{"href":"https:\/\/www.rutadelascasastipicasrd.com\/index.php\/wp-json\/wp\/v2\/media?parent=55"}],"curies":[{"name":"wp","href":"https:\/\/api.w.org\/{rel}","templated":true}]}}